{"id":25887,"date":"2025-01-29T14:11:49","date_gmt":"2025-01-29T14:11:49","guid":{"rendered":"https:\/\/hypnokodas.lt\/?page_id=25887"},"modified":"2025-03-18T07:59:10","modified_gmt":"2025-03-18T07:59:10","slug":"hipnoze-intuityviam-lieknejimui-irasas","status":"publish","type":"page","link":"https:\/\/hypnokodas.lt\/en\/hipnoze-intuityviam-lieknejimui-irasas\/","title":{"rendered":"Hipnoz\u0117 Intuityviam Liekn\u0117jimui \u012fra\u0161as"},"content":{"rendered":"<div data-elementor-type=\"wp-page\" data-elementor-id=\"25887\" class=\"elementor elementor-25887\" data-elementor-post-type=\"page\">\n\t\t\t\t\t\t<section class=\"elementor-section elementor-top-section elementor-element elementor-element-aac8df8 elementor-section-full_width elementor-section-stretched elementor-section-height-default elementor-section-height-default sc_fly_static\" data-id=\"aac8df8\" data-element_type=\"section\" data-settings=\"{&quot;stretch_section&quot;:&quot;section-stretched&quot;,&quot;background_background&quot;:&quot;classic&quot;}\">\n\t\t\t\t\t\t<div class=\"elementor-container elementor-column-gap-extended\">\n\t\t\t\t\t<div class=\"elementor-column elementor-col-100 elementor-top-column elementor-element elementor-element-3bf7701 sc_content_align_inherit sc_layouts_column_icons_position_left sc_fly_static\" data-id=\"3bf7701\" data-element_type=\"column\">\n\t\t\t<div class=\"elementor-widget-wrap elementor-element-populated\">\n\t\t\t\t\t\t<section class=\"elementor-section elementor-inner-section elementor-element elementor-element-217e28f elementor-section-boxed elementor-section-height-default elementor-section-height-default sc_fly_static\" data-id=\"217e28f\" data-element_type=\"section\" data-settings=\"{&quot;background_background&quot;:&quot;classic&quot;}\">\n\t\t\t\t\t\t<div class=\"elementor-container elementor-column-gap-extended\">\n\t\t\t\t\t<div class=\"elementor-column elementor-col-100 elementor-inner-column elementor-element elementor-element-e0fe75b sc_content_align_inherit sc_layouts_column_icons_position_left sc_fly_static\" data-id=\"e0fe75b\" data-element_type=\"column\">\n\t\t\t<div class=\"elementor-widget-wrap elementor-element-populated\">\n\t\t\t\t\t\t<div class=\"elementor-element elementor-element-dc7c483 sc_fly_static elementor-widget elementor-widget-trx_widget_audio\" data-id=\"dc7c483\" data-element_type=\"widget\" data-widget_type=\"trx_widget_audio.default\">\n\t\t\t\t<div class=\"elementor-widget-container\">\n\t\t\t\t\t<div class=\"widget_area sc_widget_audio\"><aside class=\"widget widget_audio\"><div class=\"trx_addons_audio_wrap\">\n\t\t<div class=\"trx_addons_audio_list\">\n\t\t\t\t\t\t<div class=\"trx_addons_audio_player\t\t\t\t with_cover\"\n\t\t\t\t>\n                    <div class=\"trx_addons_audio_player_image\"\n                     style=\"background-image:url(\/\/hypnokodas.lt\/wp-content\/uploads\/2025\/01\/INTUITYVIAM-LIEKNEJIMUI-scaled.webp);\"><\/div>\n\n\t\t\t\t\t<div class=\"trx_addons_audio_player_wrap\">\n                    \t\t\t\t\t\t<div class=\"audio_info\">\n\t\t\t\t\t\t\t<h5 class=\"audio_now_playing\">Garso \u012fra\u0161as<\/h5>\t\t\t\t\t\t\t\t<h5 class=\"audio_caption\">Hipnoz\u0117 Intuityviam Liekn\u0117jimui<\/h5>\n\t\t\t\t\t\t\t\t\t\t\t\t\t\t\t\t<div class=\"audio_description\">Meil\u0117 Sau ir Laisv\u0117 nuo Emocinio Valgymo\n<\/div>\n\t\t\t\t\t\t\t\t\t\t\t\t\t\t<\/div>\n\t\t\t\t\t\t\t\t\t\t\t<div class=\"audio_frame audio_local\">\n\t\t\t\t\t<!--[if lt IE 9]><script>document.createElement('audio');<\/script><![endif]-->\n<audio data-src=\"https:\/\/hypnokodas.lt\/wp-content\/uploads\/2025\/01\/HCLTbcValgymo-hipnoze.mp3\" data-cover=\"\/\/hypnokodas.lt\/wp-content\/uploads\/2025\/01\/INTUITYVIAM-LIEKNEJIMUI-scaled.webp\" data-caption=\"Hipnoz\u0117 Intuityviam Liekn\u0117jimui\" data-author=\"\" class=\"wp-audio-shortcode\" id=\"audio-25887-1\" preload=\"none\" style=\"width: 100%;\" controls=\"controls\"><source type=\"audio\/mpeg\" src=\"https:\/\/hypnokodas.lt\/wp-content\/uploads\/2025\/01\/HCLTbcValgymo-hipnoze.mp3?_=1\" \/><a href=\"https:\/\/hypnokodas.lt\/wp-content\/uploads\/2025\/01\/HCLTbcValgymo-hipnoze.mp3\">https:\/\/hypnokodas.lt\/wp-content\/uploads\/2025\/01\/HCLTbcValgymo-hipnoze.mp3<\/a><\/audio>\t\t\t\t\t<\/div>\n\t\t\t\t<\/div>\n\t\t\t<\/div>\n\t\t\t\t\t<\/div>\n\t<\/div><\/aside><\/div>\t\t\t\t<\/div>\n\t\t\t\t<\/div>\n\t\t\t\t\t<\/div>\n\t\t<\/div>\n\t\t\t\t\t<\/div>\n\t\t<\/section>\n\t\t\t\t\t<\/div>\n\t\t<\/div>\n\t\t\t\t\t<\/div>\n\t\t<\/section>\n\t\t\t\t<\/div>","protected":false},"excerpt":{"rendered":"<p>Garso \u012fra\u0161as Hipnoz\u0117 Intuityviam Liekn\u0117jimui Meil\u0117 Sau ir Laisv\u0117 nuo Emocinio Valgymo https:\/\/hypnokodas.lt\/wp-content\/uploads\/2025\/01\/HCLTbcValgymo-hipnoze.mp3<\/p>","protected":false},"author":1,"featured_media":26025,"parent":0,"menu_order":0,"comment_status":"closed","ping_status":"closed","template":"","meta":{"prwc_products":"","prwc_not_all_products_required":false,"prwc_not_bought_page":"","prwc_redirect_not_bought":false,"prwc_not_logged_in_page":"2334","prwc_redirect_not_logged_in":false,"prwc_timeout_days":0,"prwc_timeout_hours":0,"prwc_timeout_minutes":0,"prwc_timeout_seconds":0,"prwc_timeout_views":0,"footnotes":""},"class_list":["post-25887","page","type-page","status-publish","has-post-thumbnail","hentry"],"aioseo_notices":[],"_hostinger_reach_plugin_has_subscription_block":false,"_hostinger_reach_plugin_is_elementor":false,"_links":{"self":[{"href":"https:\/\/hypnokodas.lt\/en\/wp-json\/wp\/v2\/pages\/25887","targetHints":{"allow":["GET"]}}],"collection":[{"href":"https:\/\/hypnokodas.lt\/en\/wp-json\/wp\/v2\/pages"}],"about":[{"href":"https:\/\/hypnokodas.lt\/en\/wp-json\/wp\/v2\/types\/page"}],"author":[{"embeddable":true,"href":"https:\/\/hypnokodas.lt\/en\/wp-json\/wp\/v2\/users\/1"}],"replies":[{"embeddable":true,"href":"https:\/\/hypnokodas.lt\/en\/wp-json\/wp\/v2\/comments?post=25887"}],"version-history":[{"count":24,"href":"https:\/\/hypnokodas.lt\/en\/wp-json\/wp\/v2\/pages\/25887\/revisions"}],"predecessor-version":[{"id":26061,"href":"https:\/\/hypnokodas.lt\/en\/wp-json\/wp\/v2\/pages\/25887\/revisions\/26061"}],"wp:featuredmedia":[{"embeddable":true,"href":"https:\/\/hypnokodas.lt\/en\/wp-json\/wp\/v2\/media\/26025"}],"wp:attachment":[{"href":"https:\/\/hypnokodas.lt\/en\/wp-json\/wp\/v2\/media?parent=25887"}],"curies":[{"name":"wp","href":"https:\/\/api.w.org\/{rel}","templated":true}]}}