{"id":26486,"date":"2025-06-11T09:44:44","date_gmt":"2025-06-11T09:44:44","guid":{"rendered":"https:\/\/hypnokodas.lt\/?page_id=26486"},"modified":"2025-06-11T09:52:58","modified_gmt":"2025-06-11T09:52:58","slug":"skrandzio-mazinimo-hipnoterapija","status":"publish","type":"page","link":"https:\/\/hypnokodas.lt\/en\/skrandzio-mazinimo-hipnoterapija\/","title":{"rendered":"Skrand\u017eio ma\u017einimo hipnoterapija"},"content":{"rendered":"<div data-elementor-type=\"wp-page\" data-elementor-id=\"26486\" class=\"elementor elementor-26486\" data-elementor-post-type=\"page\">\n\t\t\t\t\t\t<section class=\"elementor-section elementor-top-section elementor-element elementor-element-aac8df8 elementor-section-full_width elementor-section-stretched elementor-section-height-default elementor-section-height-default sc_fly_static\" data-id=\"aac8df8\" data-element_type=\"section\" data-e-type=\"section\" data-settings=\"{&quot;stretch_section&quot;:&quot;section-stretched&quot;,&quot;background_background&quot;:&quot;classic&quot;}\">\n\t\t\t\t\t\t<div class=\"elementor-container elementor-column-gap-extended\">\n\t\t\t\t\t<div class=\"elementor-column elementor-col-100 elementor-top-column elementor-element elementor-element-3bf7701 sc_content_align_inherit sc_layouts_column_icons_position_left sc_fly_static\" data-id=\"3bf7701\" data-element_type=\"column\" data-e-type=\"column\">\n\t\t\t<div class=\"elementor-widget-wrap elementor-element-populated\">\n\t\t\t\t\t\t<section class=\"elementor-section elementor-inner-section elementor-element elementor-element-217e28f elementor-section-boxed elementor-section-height-default elementor-section-height-default sc_fly_static\" data-id=\"217e28f\" data-element_type=\"section\" data-e-type=\"section\" data-settings=\"{&quot;background_background&quot;:&quot;classic&quot;}\">\n\t\t\t\t\t\t<div class=\"elementor-container elementor-column-gap-extended\">\n\t\t\t\t\t<div class=\"elementor-column elementor-col-100 elementor-inner-column elementor-element elementor-element-e0fe75b sc_content_align_inherit sc_layouts_column_icons_position_left sc_fly_static\" data-id=\"e0fe75b\" data-element_type=\"column\" data-e-type=\"column\">\n\t\t\t<div class=\"elementor-widget-wrap\">\n\t\t\t\t\t\t\t<\/div>\n\t\t<\/div>\n\t\t\t\t\t<\/div>\n\t\t<\/section>\n\t\t\t\t<div class=\"elementor-element elementor-element-dc7c483 sc_fly_static elementor-widget elementor-widget-trx_widget_audio\" data-id=\"dc7c483\" data-element_type=\"widget\" data-e-type=\"widget\" data-widget_type=\"trx_widget_audio.default\">\n\t\t\t\t<div class=\"elementor-widget-container\">\n\t\t\t\t\t<div class=\"widget_area sc_widget_audio\"><aside class=\"widget widget_audio\"><div class=\"trx_addons_audio_wrap\">\n\t\t<div class=\"trx_addons_audio_list\">\n\t\t\t\t\t\t<div class=\"trx_addons_audio_player\t\t\t\t with_cover\"\n\t\t\t\t>\n                    <div class=\"trx_addons_audio_player_image\"\n                     style=\"background-image:url(\/\/hypnokodas.lt\/wp-content\/uploads\/2025\/06\/skrandzio.webp);\"><\/div>\n\n\t\t\t\t\t<div class=\"trx_addons_audio_player_wrap\">\n                    \t\t\t\t\t\t<div class=\"audio_info\">\n\t\t\t\t\t\t\t<h5 class=\"audio_now_playing\">Garso \u012fra\u0161as<\/h5>\t\t\t\t\t\t\t\t<h5 class=\"audio_caption\">Skrand\u017eio Ma\u017einimo Hipnoterapija<\/h5>\n\t\t\t\t\t\t\t\t\t\t\t\t\t\t<\/div>\n\t\t\t\t\t\t\t\t\t\t\t<div class=\"audio_frame audio_local\">\n\t\t\t\t\t<audio data-src=\"https:\/\/hypnokodas.lt\/wp-content\/uploads\/2025\/06\/skrandzio-mazinimo-1.mp3\" data-cover=\"\/\/hypnokodas.lt\/wp-content\/uploads\/2025\/06\/skrandzio.webp\" data-caption=\"Skrand\u017eio Ma\u017einimo Hipnoterapija\" data-author=\"\" class=\"wp-audio-shortcode\" id=\"audio-26486-1\" preload=\"none\" style=\"width: 100%;\" controls=\"controls\"><source type=\"audio\/mpeg\" src=\"https:\/\/hypnokodas.lt\/wp-content\/uploads\/2025\/06\/skrandzio-mazinimo-1.mp3?_=1\" \/><a href=\"https:\/\/hypnokodas.lt\/wp-content\/uploads\/2025\/06\/skrandzio-mazinimo-1.mp3\">https:\/\/hypnokodas.lt\/wp-content\/uploads\/2025\/06\/skrandzio-mazinimo-1.mp3<\/a><\/audio>\t\t\t\t\t<\/div>\n\t\t\t\t<\/div>\n\t\t\t<\/div>\n\t\t\t\t\t<\/div>\n\t<\/div><\/aside><\/div>\t\t\t\t<\/div>\n\t\t\t\t<\/div>\n\t\t\t\t\t<\/div>\n\t\t<\/div>\n\t\t\t\t\t<\/div>\n\t\t<\/section>\n\t\t\t\t<section class=\"elementor-section elementor-top-section elementor-element elementor-element-0393486 elementor-section-boxed elementor-section-height-default elementor-section-height-default sc_fly_static\" data-id=\"0393486\" data-element_type=\"section\" data-e-type=\"section\">\n\t\t\t\t\t\t<div class=\"elementor-container elementor-column-gap-extended\">\n\t\t\t\t\t<div class=\"elementor-column elementor-col-100 elementor-top-column elementor-element elementor-element-8d2b62e sc_content_align_inherit sc_layouts_column_icons_position_left sc_fly_static\" data-id=\"8d2b62e\" data-element_type=\"column\" data-e-type=\"column\">\n\t\t\t<div class=\"elementor-widget-wrap elementor-element-populated\">\n\t\t\t\t\t\t<div class=\"elementor-element elementor-element-0afce32 sc_fly_static elementor-widget elementor-widget-text-editor\" data-id=\"0afce32\" data-element_type=\"widget\" data-e-type=\"widget\" data-widget_type=\"text-editor.default\">\n\t\t\t\t<div class=\"elementor-widget-container\">\n\t\t\t\t\t\t\t\t\t<h3><b>Skrand\u017eio Ma\u017einimo Hipnoterapija<br \/><br \/><\/b><\/h3><h4><b>Galingas \u012frankis emocinio valgymo ma\u017einimui ir porcij\u0173 kontrol\u0117s atk\u016brimui<\/b><\/h4><p><span style=\"font-weight: 400;\">\u0160is profesionaliai \u012fra\u0161ytas <\/span><b>hipnoterapijos seansas<\/b><span style=\"font-weight: 400;\"> sukurtas tiek <\/span><b>moterims, tiek vyrams<\/b><span style=\"font-weight: 400;\">, kurie:<\/span><\/p><ul><li style=\"font-weight: 400;\" aria-level=\"1\"><span style=\"font-weight: 400;\">kovoja su <\/span><b>nutukimu<\/b><span style=\"font-weight: 400;\"> ar antsvoriu (KMI 30+),<\/span><\/li><li style=\"font-weight: 400;\" aria-level=\"1\"><b>persivalgo<\/b><span style=\"font-weight: 400;\">,<\/span><\/li><li style=\"font-weight: 400;\" aria-level=\"1\"><span style=\"font-weight: 400;\">jau\u010dia <\/span><b>didel\u012f potrauk\u012f maistui<\/b><span style=\"font-weight: 400;\">,<\/span><\/li><li style=\"font-weight: 400;\" aria-level=\"1\"><span style=\"font-weight: 400;\">valgo <\/span><b>nuobodulio, streso, vienatv\u0117s<\/b><span style=\"font-weight: 400;\"> ar emocini\u0173 bang\u0173 metu,<\/span><\/li><li style=\"font-weight: 400;\" aria-level=\"1\"><b>nesuvaldo porcij\u0173 dyd\u017ei\u0173<\/b><span style=\"font-weight: 400;\"> ar <\/span><b>nuolat u\u017ekand\u017eiauja<\/b><span style=\"font-weight: 400;\">, net kai n\u0117ra alkani.<\/span><span style=\"font-weight: 400;\"><br \/><br \/><\/span><\/li><\/ul><p><b>Apie metodik\u0105<\/b><\/p><p><span style=\"font-weight: 400;\">\u0160is \u012fra\u0161as sujungia pa\u017eangiausias <\/span><b>hipnoterapijos<\/b><span style=\"font-weight: 400;\">, <\/span><b>kognityvin\u0117s elgesio psichoterapijos,<\/b> <b>NLP<\/b><span style=\"font-weight: 400;\">, <\/span><b>\u00a0kodavimo<\/b><span style=\"font-weight: 400;\"> ir <\/span><b>neuroinkaravimo<\/b><span style=\"font-weight: 400;\"> technikas. Tai ne tiesiog meditacija \u2013 tai <\/span><b>transformuojantis seansas<\/b><span style=\"font-weight: 400;\">, sukurtas veikti <\/span><b>giliausiuose pas\u0105mon\u0117s sluoksniuose<\/b><span style=\"font-weight: 400;\">.<\/span><\/p><p><span style=\"font-weight: 400;\">\u012era\u0161o tikslas \u2013 \u201e\u012fra\u0161yti\u201c poj\u016bt\u012f, kad tavo skrandis jau chirurgi\u0161kai suma\u017eintas. Kad ma\u017eos porcijos suteikia sotumo, o persivalgymas tampa nepriimtinas fizi\u0161kai ir emoci\u0161kai.<\/span><span style=\"font-weight: 400;\"><br \/><\/span><span style=\"font-weight: 400;\">\u012e pas\u0105mon\u0119 \u012fra\u0161oma tvirta \u017einut\u0117 \u2013 <\/span><i><span style=\"font-weight: 400;\">\u201eTavo skrandis dabar ma\u017eas. Tu valdai maist\u0105 \u2013 o ne jis tave.\u201c<\/span><\/i><\/p><h4><b>K\u0105 jausi ir patirsi?<\/b><\/h4><ul><li style=\"font-weight: 400;\" aria-level=\"1\"><span style=\"font-weight: 400;\">Nat\u016braliai ma\u017e\u0117ja noras valgyti dideles porcijas.<\/span><\/li><li style=\"font-weight: 400;\" aria-level=\"1\"><span style=\"font-weight: 400;\">Dingsta potraukis u\u017ekand\u017eiauti tarp valgym\u0173.<\/span><\/li><li style=\"font-weight: 400;\" aria-level=\"1\"><span style=\"font-weight: 400;\">Atsiranda jausmas, kad <\/span><i><span style=\"font-weight: 400;\">\u201epakanka\u201c<\/span><\/i><span style=\"font-weight: 400;\"> anks\u010diau.<\/span><\/li><li style=\"font-weight: 400;\" aria-level=\"1\"><span style=\"font-weight: 400;\">Sustipr\u0117ja ry\u0161ys su savo k\u016bnu.<\/span><span style=\"font-weight: 400;\"><br \/><\/span><span style=\"font-weight: 400;\">Prasideda tikras svorio ma\u017e\u0117jimas \u2013 <\/span><b>i\u0161 vidaus \u012f i\u0161or\u0119.<\/b><\/li><\/ul><p><b>Kaip naudoti?<\/b><\/p><h3><b><span style=\"font-weight: 400;\">Rekomenduojama klausyti <\/span>vien\u0105 kart\u0105 per dien\u0105, 21 dien\u0105 i\u0161 eil\u0117s<span style=\"font-weight: 400;\">, geriausia vakare, prie\u0161 mieg\u0105, arba ramioje vietoje be trukd\u017ei\u0173.<\/span><span style=\"font-weight: 400;\"><br \/><\/span><br \/><\/b><\/h3>\t\t\t\t\t\t\t\t<\/div>\n\t\t\t\t<\/div>\n\t\t\t\t\t<\/div>\n\t\t<\/div>\n\t\t\t\t\t<\/div>\n\t\t<\/section>\n\t\t\t\t<\/div>","protected":false},"excerpt":{"rendered":"<p>Garso \u012fra\u0161as Skrand\u017eio Ma\u017einimo Hipnoterapija https:\/\/hypnokodas.lt\/wp-content\/uploads\/2025\/06\/skrandzio-mazinimo-1.mp3 Skrand\u017eio Ma\u017einimo Hipnoterapija Galingas \u012frankis emocinio valgymo ma\u017einimui ir porcij\u0173 kontrol\u0117s atk\u016brimui \u0160is profesionaliai \u012fra\u0161ytas hipnoterapijos seansas sukurtas tiek moterims, tiek vyrams, kurie: kovoja&hellip;<\/p>","protected":false},"author":1,"featured_media":0,"parent":0,"menu_order":0,"comment_status":"closed","ping_status":"closed","template":"","meta":{"prwc_products":"","prwc_not_all_products_required":false,"prwc_not_bought_page":"","prwc_redirect_not_bought":false,"prwc_not_logged_in_page":"2334","prwc_redirect_not_logged_in":false,"prwc_timeout_days":0,"prwc_timeout_hours":0,"prwc_timeout_minutes":0,"prwc_timeout_seconds":20,"prwc_timeout_views":0,"footnotes":""},"class_list":["post-26486","page","type-page","status-publish","hentry"],"aioseo_notices":[],"_hostinger_reach_plugin_has_subscription_block":false,"_hostinger_reach_plugin_is_elementor":false,"_links":{"self":[{"href":"https:\/\/hypnokodas.lt\/en\/wp-json\/wp\/v2\/pages\/26486","targetHints":{"allow":["GET"]}}],"collection":[{"href":"https:\/\/hypnokodas.lt\/en\/wp-json\/wp\/v2\/pages"}],"about":[{"href":"https:\/\/hypnokodas.lt\/en\/wp-json\/wp\/v2\/types\/page"}],"author":[{"embeddable":true,"href":"https:\/\/hypnokodas.lt\/en\/wp-json\/wp\/v2\/users\/1"}],"replies":[{"embeddable":true,"href":"https:\/\/hypnokodas.lt\/en\/wp-json\/wp\/v2\/comments?post=26486"}],"version-history":[{"count":7,"href":"https:\/\/hypnokodas.lt\/en\/wp-json\/wp\/v2\/pages\/26486\/revisions"}],"predecessor-version":[{"id":26495,"href":"https:\/\/hypnokodas.lt\/en\/wp-json\/wp\/v2\/pages\/26486\/revisions\/26495"}],"wp:attachment":[{"href":"https:\/\/hypnokodas.lt\/en\/wp-json\/wp\/v2\/media?parent=26486"}],"curies":[{"name":"wp","href":"https:\/\/api.w.org\/{rel}","templated":true}]}}