{"id":26703,"date":"2025-09-16T07:26:53","date_gmt":"2025-09-16T07:26:53","guid":{"rendered":"https:\/\/hypnokodas.lt\/?page_id=26703"},"modified":"2026-03-12T19:31:51","modified_gmt":"2026-03-12T19:31:51","slug":"konsultacijos","status":"publish","type":"page","link":"https:\/\/hypnokodas.lt\/en\/konsultacijos\/","title":{"rendered":"Konsultacijos"},"content":{"rendered":"<div data-elementor-type=\"wp-page\" data-elementor-id=\"26703\" class=\"elementor elementor-26703\" data-elementor-post-type=\"page\">\n\t\t\t\t\t\t<section class=\"elementor-section elementor-top-section elementor-element elementor-element-627563b elementor-section-boxed elementor-section-height-default elementor-section-height-default sc_fly_static\" data-id=\"627563b\" data-element_type=\"section\">\n\t\t\t\t\t\t<div class=\"elementor-container elementor-column-gap-extended\">\n\t\t\t\t\t<div class=\"elementor-column elementor-col-100 elementor-top-column elementor-element elementor-element-f10f2e5 sc_content_align_inherit sc_layouts_column_icons_position_left sc_fly_static\" data-id=\"f10f2e5\" data-element_type=\"column\">\n\t\t\t<div class=\"elementor-widget-wrap elementor-element-populated\">\n\t\t\t\t\t\t<div class=\"elementor-element elementor-element-0320fbb sc_fly_static elementor-widget elementor-widget-trx_sc_title\" data-id=\"0320fbb\" data-element_type=\"widget\" data-widget_type=\"trx_sc_title.default\">\n\t\t\t\t<div class=\"elementor-widget-container\">\n\t\t\t\t\t<div\t\tclass=\"sc_title sc_title_default\" ><h2 class=\"sc_item_title sc_title_title sc_align_center sc_item_title_style_default\"\n\t\t\t><span class=\"sc_item_title_text\">Konsultacijos<\/span><\/h2><\/div>\t\t\t\t<\/div>\n\t\t\t\t<\/div>\n\t\t\t\t<div class=\"elementor-element elementor-element-91f6b28 sc_fly_static elementor-widget elementor-widget-spacer\" data-id=\"91f6b28\" data-element_type=\"widget\" data-widget_type=\"spacer.default\">\n\t\t\t\t<div class=\"elementor-widget-container\">\n\t\t\t\t\t\t\t<div class=\"elementor-spacer\">\n\t\t\t<div class=\"elementor-spacer-inner\"><\/div>\n\t\t<\/div>\n\t\t\t\t\t\t<\/div>\n\t\t\t\t<\/div>\n\t\t\t\t\t<\/div>\n\t\t<\/div>\n\t\t\t\t\t<\/div>\n\t\t<\/section>\n\t\t\t\t<section class=\"elementor-section elementor-top-section elementor-element elementor-element-e1bf70c elementor-section-boxed elementor-section-height-default elementor-section-height-default sc_fly_static\" data-id=\"e1bf70c\" data-element_type=\"section\">\n\t\t\t\t\t\t<div class=\"elementor-container elementor-column-gap-extended\">\n\t\t\t\t\t<div class=\"elementor-column elementor-col-100 elementor-top-column elementor-element elementor-element-e4729ab sc_content_align_inherit sc_layouts_column_icons_position_left sc_fly_static\" data-id=\"e4729ab\" data-element_type=\"column\">\n\t\t\t<div class=\"elementor-widget-wrap elementor-element-populated\">\n\t\t\t\t\t\t<div class=\"elementor-element elementor-element-2d218e5 sc_fly_static elementor-widget elementor-widget-trx_sc_price\" data-id=\"2d218e5\" data-element_type=\"widget\" data-widget_type=\"trx_sc_price.default\">\n\t\t\t\t<div class=\"elementor-widget-container\">\n\t\t\t\t\t<div  \n\tclass=\"sc_price sc_price_default\"><div class=\"sc_price_columns_wrap sc_item_columns trx_addons_columns_wrap columns_padding_bottom columns_in_single_row\"><div class=\"trx_addons_column-1_3\"><div class=\"sc_price_item sc_price_item_default with_image with_bg_color\" style=\"background-color:#007782CC;\">\n\t\t\t<div class=\"sc_price_item_label\">nemokamai<\/div><div class=\"sc_price_item_inner\"><div class=\"sc_price_item_icon sc_price_item_icon_type_ icon-star-empty\"\n\t\t\t\t\t\t\t\t\t\t\t\t><span class=\"sc_icon_type_ icon-star-empty\"\n\t\t\t\t\t\t\t\t\t\t\t\t\t\t\t><\/span><\/div><div class=\"sc_price_item_info\"><h3 class=\"sc_price_item_title\"><span>\u012evadin\u0117 konsultacija<\/span><\/h3><h6 class=\"sc_price_item_subtitle\"><span>20 min<\/span><\/h6><div class=\"sc_price_item_price\"><span class=\"sc_price_item_price_value\">dovana<\/span><\/div><a href=\"https:\/\/hypnokodas.lt\/product\/ivadine-konsultacija-20-min-nemokamai\/\" class=\"sc_price_item_link sc_button\">Get access<\/a><\/div><!-- \/.sc_price_item_info --><\/div><!-- \/.sc_price_item_inner --><\/div><\/div><div class=\"trx_addons_column-1_3\"><div class=\"sc_price_item sc_price_item_default with_image with_bg_color\" style=\"background-color:#007782CC;\">\n\t\t\t<div class=\"sc_price_item_inner\"><div class=\"sc_price_item_icon sc_price_item_icon_type_ icon-heart-empty\"\n\t\t\t\t\t\t\t\t\t\t\t\t><span class=\"sc_icon_type_ icon-heart-empty\"\n\t\t\t\t\t\t\t\t\t\t\t\t\t\t\t><\/span><\/div><div class=\"sc_price_item_info\"><h3 class=\"sc_price_item_title\"><span>Grupin\u0117 Hipnoterapija<\/span><\/h3><h6 class=\"sc_price_item_subtitle\"><span>120 min<\/span><\/h6><div class=\"sc_price_item_price\"><span class=\"sc_price_item_price_before\">\u20ac<\/span><span class=\"sc_price_item_price_value\">50<\/span><\/div><a href=\"https:\/\/hypnokodas.lt\/product\/grupine-hipnoterapija-120-min\/\" class=\"sc_price_item_link sc_button\">Get access<\/a><\/div><!-- \/.sc_price_item_info --><\/div><!-- \/.sc_price_item_inner --><\/div><\/div><div class=\"trx_addons_column-1_3\"><div class=\"sc_price_item sc_price_item_default with_image with_bg_color\" style=\"background-color:#007782CC;\">\n\t\t\t<div class=\"sc_price_item_inner\"><div class=\"sc_price_item_icon sc_price_item_icon_type_ icon-clock-empty\"\n\t\t\t\t\t\t\t\t\t\t\t\t><span class=\"sc_icon_type_ icon-clock-empty\"\n\t\t\t\t\t\t\t\t\t\t\t\t\t\t\t><\/span><\/div><div class=\"sc_price_item_info\"><h3 class=\"sc_price_item_title\"><span> Valgymo Sutrikim\u0173 Terapija<\/span><\/h3><h6 class=\"sc_price_item_subtitle\"><span>60min<\/span><\/h6><div class=\"sc_price_item_price\"><span class=\"sc_price_item_price_before\">\u20ac<\/span><span class=\"sc_price_item_price_value\">60<\/span><\/div><a href=\"https:\/\/hypnokodas.lt\/product\/testine-terapija-60min\/\" class=\"sc_price_item_link sc_button\">Get access<\/a><\/div><!-- \/.sc_price_item_info --><\/div><!-- \/.sc_price_item_inner --><\/div><\/div><\/div><\/div><!-- \/.sc_price -->\t\t\t\t<\/div>\n\t\t\t\t<\/div>\n\t\t\t\t\t<\/div>\n\t\t<\/div>\n\t\t\t\t\t<\/div>\n\t\t<\/section>\n\t\t\t\t<section class=\"elementor-section elementor-top-section elementor-element elementor-element-39a7a66 elementor-section-boxed elementor-section-height-default elementor-section-height-default sc_fly_static\" data-id=\"39a7a66\" data-element_type=\"section\">\n\t\t\t\t\t\t<div class=\"elementor-container elementor-column-gap-extended\">\n\t\t\t\t\t<div class=\"elementor-column elementor-col-100 elementor-top-column elementor-element elementor-element-36205cd sc_content_align_inherit sc_layouts_column_icons_position_left sc_fly_static\" data-id=\"36205cd\" data-element_type=\"column\">\n\t\t\t<div class=\"elementor-widget-wrap elementor-element-populated\">\n\t\t\t\t\t\t<div class=\"elementor-element elementor-element-7fe9ece sc_fly_static elementor-widget elementor-widget-trx_sc_price\" data-id=\"7fe9ece\" data-element_type=\"widget\" data-widget_type=\"trx_sc_price.default\">\n\t\t\t\t<div class=\"elementor-widget-container\">\n\t\t\t\t\t<div  \n\tclass=\"sc_price sc_price_default\"><div class=\"sc_price_columns_wrap sc_item_columns trx_addons_columns_wrap columns_padding_bottom columns_in_single_row\"><div class=\"trx_addons_column-1_3\"><div class=\"sc_price_item sc_price_item_default with_image with_bg_color\" style=\"background-color:#007782CC;\">\n\t\t\t<div class=\"sc_price_item_inner\"><div class=\"sc_price_item_icon sc_price_item_icon_type_ icon-star-empty\"\n\t\t\t\t\t\t\t\t\t\t\t\t><span class=\"sc_icon_type_ icon-star-empty\"\n\t\t\t\t\t\t\t\t\t\t\t\t\t\t\t><\/span><\/div><div class=\"sc_price_item_info\"><h3 class=\"sc_price_item_title\"><span>Hypnotherapy<\/span><\/h3><h6 class=\"sc_price_item_subtitle\"><span>90 min<\/span><\/h6><div class=\"sc_price_item_price\"><span class=\"sc_price_item_price_before\">\u20ac<\/span><span class=\"sc_price_item_price_value\">120<\/span><\/div><a href=\"https:\/\/hypnokodas.lt\/product\/hipnoterapija-90-min\/\" class=\"sc_price_item_link sc_button\">Get access<\/a><\/div><!-- \/.sc_price_item_info --><\/div><!-- \/.sc_price_item_inner --><\/div><\/div><div class=\"trx_addons_column-1_3\"><div class=\"sc_price_item sc_price_item_default with_image with_bg_color\" style=\"background-color:#007782CC;\">\n\t\t\t<div class=\"sc_price_item_inner\"><div class=\"sc_price_item_icon sc_price_item_icon_type_ icon-star-empty\"\n\t\t\t\t\t\t\t\t\t\t\t\t><span class=\"sc_icon_type_ icon-star-empty\"\n\t\t\t\t\t\t\t\t\t\t\t\t\t\t\t><\/span><\/div><div class=\"sc_price_item_info\"><h3 class=\"sc_price_item_title\"><span>Skrand\u017eio Ma\u017einimo Hipnoterapija<\/span><\/h3><h6 class=\"sc_price_item_subtitle\"><span>4 savai\u010di\u0173 programa<\/span><\/h6><div class=\"sc_price_item_price\"><span class=\"sc_price_item_price_before\">\u20ac<\/span><span class=\"sc_price_item_price_value\">350<\/span><\/div><a href=\"https:\/\/hypnokodas.lt\/product\/skrandzio-mazinimo-hipnoterapija\/\" class=\"sc_price_item_link sc_button\">Get access<\/a><\/div><!-- \/.sc_price_item_info --><\/div><!-- \/.sc_price_item_inner --><\/div><\/div><div class=\"trx_addons_column-1_3\"><div class=\"sc_price_item sc_price_item_default with_image with_bg_color\" style=\"background-color:#007782CC;\">\n\t\t\t<div class=\"sc_price_item_label\">populiaru<\/div><div class=\"sc_price_item_inner\"><div class=\"sc_price_item_icon sc_price_item_icon_type_ icon-heart-empty\"\n\t\t\t\t\t\t\t\t\t\t\t\t><span class=\"sc_icon_type_ icon-heart-empty\"\n\t\t\t\t\t\t\t\t\t\t\t\t\t\t\t><\/span><\/div><div class=\"sc_price_item_info\"><h3 class=\"sc_price_item_title\"><span>Kodavimas nuo saldumyn\u0173 persivalgymo<\/span><\/h3><h6 class=\"sc_price_item_subtitle\"><span>4 savai\u010di\u0173 programa<\/span><\/h6><div class=\"sc_price_item_price\"><span class=\"sc_price_item_price_before\">\u20ac<\/span><span class=\"sc_price_item_price_value\">350<\/span><\/div><a href=\"https:\/\/hypnokodas.lt\/product\/kodavimas-nuo-saldumynu-persivalgymo-ir-priklausomybes-maistui\/\" class=\"sc_price_item_link sc_button\">Get access<\/a><\/div><!-- \/.sc_price_item_info --><\/div><!-- \/.sc_price_item_inner --><\/div><\/div><\/div><\/div><!-- \/.sc_price -->\t\t\t\t<\/div>\n\t\t\t\t<\/div>\n\t\t\t\t<div class=\"elementor-element elementor-element-70e6e67 sc_fly_static elementor-widget elementor-widget-spacer\" data-id=\"70e6e67\" data-element_type=\"widget\" data-widget_type=\"spacer.default\">\n\t\t\t\t<div class=\"elementor-widget-container\">\n\t\t\t\t\t\t\t<div class=\"elementor-spacer\">\n\t\t\t<div class=\"elementor-spacer-inner\"><\/div>\n\t\t<\/div>\n\t\t\t\t\t\t<\/div>\n\t\t\t\t<\/div>\n\t\t\t\t\t<\/div>\n\t\t<\/div>\n\t\t\t\t\t<\/div>\n\t\t<\/section>\n\t\t\t\t<section class=\"elementor-section elementor-top-section elementor-element elementor-element-bba3705 elementor-section-boxed elementor-section-height-default elementor-section-height-default sc_fly_static\" data-id=\"bba3705\" data-element_type=\"section\">\n\t\t\t\t\t\t<div class=\"elementor-container elementor-column-gap-extended\">\n\t\t\t\t\t<div class=\"elementor-column elementor-col-33 elementor-top-column elementor-element elementor-element-0f4ba4c sc_content_align_inherit sc_layouts_column_icons_position_left sc_fly_static\" data-id=\"0f4ba4c\" data-element_type=\"column\">\n\t\t\t<div class=\"elementor-widget-wrap elementor-element-populated\">\n\t\t\t\t\t\t<div class=\"elementor-element elementor-element-bfebb37 sc_fly_static elementor-widget elementor-widget-trx_sc_price\" data-id=\"bfebb37\" data-element_type=\"widget\" data-widget_type=\"trx_sc_price.default\">\n\t\t\t\t<div class=\"elementor-widget-container\">\n\t\t\t\t\t<div  \n\tclass=\"sc_price sc_price_default\"><div class=\"sc_price_content sc_item_content\"><div class=\"sc_price_item sc_price_item_default with_image with_bg_color\" style=\"background-color:#007782CC;\">\n\t\t\t<div class=\"sc_price_item_inner\"><div class=\"sc_price_item_icon sc_price_item_icon_type_ icon-star-empty\"\n\t\t\t\t\t\t\t\t\t\t\t\t><span class=\"sc_icon_type_ icon-star-empty\"\n\t\t\t\t\t\t\t\t\t\t\t\t\t\t\t><\/span><\/div><div class=\"sc_price_item_info\"><h3 class=\"sc_price_item_title\"><span>Miego programa<\/span><\/h3><h6 class=\"sc_price_item_subtitle\"><span>4 savai\u010di\u0173 programa<\/span><\/h6><div class=\"sc_price_item_price\"><span class=\"sc_price_item_price_before\">\u20ac<\/span><span class=\"sc_price_item_price_value\">350<\/span><\/div><a href=\"https:\/\/hypnokodas.lt\/product\/saldziu-sapnu-hipnoterapijos-programa-letinei-nemigai-iveikti\/\" class=\"sc_price_item_link sc_button\">Get access<\/a><\/div><!-- \/.sc_price_item_info --><\/div><!-- \/.sc_price_item_inner --><\/div><\/div><\/div><!-- \/.sc_price -->\t\t\t\t<\/div>\n\t\t\t\t<\/div>\n\t\t\t\t\t<\/div>\n\t\t<\/div>\n\t\t\t\t<div class=\"elementor-column elementor-col-33 elementor-top-column elementor-element elementor-element-173b8f6 sc_content_align_inherit sc_layouts_column_icons_position_left sc_fly_static\" data-id=\"173b8f6\" data-element_type=\"column\">\n\t\t\t<div class=\"elementor-widget-wrap elementor-element-populated\">\n\t\t\t\t\t\t<div class=\"elementor-element elementor-element-c18c31c sc_fly_static elementor-widget elementor-widget-trx_sc_price\" data-id=\"c18c31c\" data-element_type=\"widget\" data-widget_type=\"trx_sc_price.default\">\n\t\t\t\t<div class=\"elementor-widget-container\">\n\t\t\t\t\t<div  \n\tclass=\"sc_price sc_price_default\"><div class=\"sc_price_content sc_item_content\"><div class=\"sc_price_item sc_price_item_default with_image with_bg_color\" style=\"background-color:#007782CC;\">\n\t\t\t<div class=\"sc_price_item_inner\"><div class=\"sc_price_item_icon sc_price_item_icon_type_ icon-star-empty\"\n\t\t\t\t\t\t\t\t\t\t\t\t><span class=\"sc_icon_type_ icon-star-empty\"\n\t\t\t\t\t\t\t\t\t\t\t\t\t\t\t><\/span><\/div><div class=\"sc_price_item_info\"><h3 class=\"sc_price_item_title\"><span>Laisv\u0117 nuo Emocinio Valgymo<\/span><\/h3><h6 class=\"sc_price_item_subtitle\"><span>12 Savai\u010di\u0173<\/span><\/h6><div class=\"sc_price_item_price\"><span class=\"sc_price_item_price_before\">\u20ac<\/span><span class=\"sc_price_item_price_value\">990<\/span><\/div><a href=\"https:\/\/hypnokodas.lt\/product\/12-savaiciu-grupine-programa-moterims-laisve-nuo-emocinio-valgymo\/\" class=\"sc_price_item_link sc_button\">Get access<\/a><\/div><!-- \/.sc_price_item_info --><\/div><!-- \/.sc_price_item_inner --><\/div><\/div><\/div><!-- \/.sc_price -->\t\t\t\t<\/div>\n\t\t\t\t<\/div>\n\t\t\t\t\t<\/div>\n\t\t<\/div>\n\t\t\t\t<div class=\"elementor-column elementor-col-33 elementor-top-column elementor-element elementor-element-82194bd sc_content_align_inherit sc_layouts_column_icons_position_left sc_fly_static\" data-id=\"82194bd\" data-element_type=\"column\">\n\t\t\t<div class=\"elementor-widget-wrap elementor-element-populated\">\n\t\t\t\t\t\t<div class=\"elementor-element elementor-element-10d765a sc_fly_static elementor-widget elementor-widget-trx_sc_price\" data-id=\"10d765a\" data-element_type=\"widget\" data-widget_type=\"trx_sc_price.default\">\n\t\t\t\t<div class=\"elementor-widget-container\">\n\t\t\t\t\t<div  \n\tclass=\"sc_price sc_price_default\"><div class=\"sc_price_content sc_item_content\"><div class=\"sc_price_item sc_price_item_default with_image with_bg_color\" style=\"background-color:#007782CC;\">\n\t\t\t<div class=\"sc_price_item_inner\"><div class=\"sc_price_item_icon sc_price_item_icon_type_ icon-star-empty\"\n\t\t\t\t\t\t\t\t\t\t\t\t><span class=\"sc_icon_type_ icon-star-empty\"\n\t\t\t\t\t\t\t\t\t\t\t\t\t\t\t><\/span><\/div><div class=\"sc_price_item_info\"><h3 class=\"sc_price_item_title\"><span>Nerimas, baim\u0117s, fobijos<\/span><\/h3><h6 class=\"sc_price_item_subtitle\"><span>4 Savai\u010di\u0173 programa<\/span><\/h6><div class=\"sc_price_item_price\"><span class=\"sc_price_item_price_before\">\u20ac<\/span><span class=\"sc_price_item_price_value\">350<\/span><\/div><a href=\"https:\/\/hypnokodas.lt\/product\/nerimas-baimes-fobijos-4-savaiciu-programa\/\" class=\"sc_price_item_link sc_button\">Get access<\/a><\/div><!-- \/.sc_price_item_info --><\/div><!-- \/.sc_price_item_inner --><\/div><\/div><\/div><!-- \/.sc_price -->\t\t\t\t<\/div>\n\t\t\t\t<\/div>\n\t\t\t\t\t<\/div>\n\t\t<\/div>\n\t\t\t\t\t<\/div>\n\t\t<\/section>\n\t\t\t\t<\/div>","protected":false},"excerpt":{"rendered":"<p>Konsultacijos nemokamai \u012evadin\u0117 konsultacija 20 min dovana\u012esigyti Grupin\u0117 Hipnoterapija 120 min \u20ac50\u012esigyti Valgymo Sutrikim\u0173 Terapija 60min \u20ac60\u012esigyti Hipnoterapija 90 min \u20ac120\u012esigyti Skrand\u017eio Ma\u017einimo Hipnoterapija 4 savai\u010di\u0173 programa \u20ac350\u012esigyti populiaru Kodavimas&hellip;<\/p>","protected":false},"author":1,"featured_media":0,"parent":0,"menu_order":0,"comment_status":"closed","ping_status":"closed","template":"","meta":{"prwc_products":"","prwc_not_all_products_required":false,"prwc_not_bought_page":"","prwc_redirect_not_bought":false,"prwc_not_logged_in_page":"","prwc_redirect_not_logged_in":false,"prwc_timeout_days":0,"prwc_timeout_hours":0,"prwc_timeout_minutes":0,"prwc_timeout_seconds":0,"prwc_timeout_views":0,"footnotes":""},"class_list":["post-26703","page","type-page","status-publish","hentry"],"aioseo_notices":[],"_hostinger_reach_plugin_has_subscription_block":false,"_hostinger_reach_plugin_is_elementor":false,"_links":{"self":[{"href":"https:\/\/hypnokodas.lt\/en\/wp-json\/wp\/v2\/pages\/26703","targetHints":{"allow":["GET"]}}],"collection":[{"href":"https:\/\/hypnokodas.lt\/en\/wp-json\/wp\/v2\/pages"}],"about":[{"href":"https:\/\/hypnokodas.lt\/en\/wp-json\/wp\/v2\/types\/page"}],"author":[{"embeddable":true,"href":"https:\/\/hypnokodas.lt\/en\/wp-json\/wp\/v2\/users\/1"}],"replies":[{"embeddable":true,"href":"https:\/\/hypnokodas.lt\/en\/wp-json\/wp\/v2\/comments?post=26703"}],"version-history":[{"count":38,"href":"https:\/\/hypnokodas.lt\/en\/wp-json\/wp\/v2\/pages\/26703\/revisions"}],"predecessor-version":[{"id":26903,"href":"https:\/\/hypnokodas.lt\/en\/wp-json\/wp\/v2\/pages\/26703\/revisions\/26903"}],"wp:attachment":[{"href":"https:\/\/hypnokodas.lt\/en\/wp-json\/wp\/v2\/media?parent=26703"}],"curies":[{"name":"wp","href":"https:\/\/api.w.org\/{rel}","templated":true}]}}