{"id":25983,"date":"2025-03-07T07:41:04","date_gmt":"2025-03-07T07:41:04","guid":{"rendered":"https:\/\/hypnokodas.lt\/?post_type=product&#038;p=25983"},"modified":"2025-03-18T08:01:08","modified_gmt":"2025-03-18T08:01:08","slug":"auksiniai-raktai-i-lengva-lieknejima-hipnoterapine-kelione","status":"publish","type":"product","link":"https:\/\/hypnokodas.lt\/en\/product\/auksiniai-raktai-i-lengva-lieknejima-hipnoterapine-kelione\/","title":{"rendered":"Auksiniai Raktai \u012f Lengv\u0105 Liekn\u0117jim\u0105 \u2013 Hipnoterapin\u0117 Kelion\u0117"},"content":{"rendered":"","protected":false},"excerpt":{"rendered":"<p><span style=\"font-weight: 400;\">Atrakinkite savo pas\u0105mon\u0117s gali\u0105 ir leiskit\u0117s \u012f transformuojan\u010di\u0105 kelion\u0119 su <\/span><b>\u201eAuksiniai Raktai \u012f Lengv\u0105 Liekn\u0117jim\u0105&#8221;<\/b><span style=\"font-weight: 400;\"> \u2013 tai gilus, 39min trukm\u0117s atpalaiduojantis hipnoterapijos \u012fra\u0161as, padedantis perprogramuoti j\u016bs\u0173 mintis lengvam ir nat\u016braliam svorio ma\u017einimui bei meil\u0117s sau stiprinimui.<\/span><\/p>\n<p><span style=\"font-weight: 400;\">\u0160iame \u0161velniame ir \u012fgalinan\u010diame seanse b\u016bsite vedami per magi\u0161k\u0105j\u0105 <\/span><b>\u201ePasak\u0173 Pil\u012f&#8221;<\/b><span style=\"font-weight: 400;\">, kurioje atrasite penkis ypatingus kambarius. Kiekvienas kambarys atskleis esmines prie\u017eastis, kod\u0117l sunku mesti svor\u012f, ir suteiks gili\u0173, pas\u0105mon\u0117je \u012fsitvirtinan\u010di\u0173 sprendim\u0173:<\/span><\/p>\n<p><span style=\"font-weight: 400;\">\ud83d\udd11 <\/span><b>1 kambarys: Persivalgymas ir Fizinio Aktyvumo Stoka<\/b><span style=\"font-weight: 400;\"> \u2013 Suformuokite intuityv\u0173 \u012fprot\u012f rinktis ma\u017eesnes porcijas ir m\u0117gautis jud\u0117jimu be pastang\u0173.<\/span><span style=\"font-weight: 400;\"><br \/>\n<\/span><span style=\"font-weight: 400;\">\ud83d\udd11 <\/span><b>2 kambarys: Emocinis Valgymas<\/b><span style=\"font-weight: 400;\"> \u2013 I\u0161mokite raminti emocijas nepasitelkiant maisto ir i\u0161sivaduokite i\u0161 u\u017eburtos persivalgymo grandin\u0117s.<\/span><span style=\"font-weight: 400;\"><br \/>\n<\/span><span style=\"font-weight: 400;\">\ud83d\udd11 <\/span><b>3 kambarys: Nusiteikimas <\/b><span style=\"font-weight: 400;\">\u2013 Kurkite pozityv\u0173 vidin\u012f dialog\u0105 ir tik\u0117jim\u0105 savimi, kuris pad\u0117s i\u0161laikyti sveikus \u012fpro\u010dius ilgalaik\u0117je perspektyvoje.<\/span><span style=\"font-weight: 400;\"><br \/>\n<\/span><span style=\"font-weight: 400;\">\ud83d\udd11 <\/span><b>4 kambarys: Motyvacijos Palaikymas<\/b><span style=\"font-weight: 400;\"> \u2013 Atraskite, kaip sukurti vidin\u0119 motyvacij\u0105 ir i\u0161likti kelyje link savo tiksl\u0173 lengvai ir nat\u016braliai.<\/span><span style=\"font-weight: 400;\"><br \/>\n<\/span><span style=\"font-weight: 400;\">\ud83d\udd11 <\/span><b>5 kambarys: Naujas Tapatumas<\/b><span style=\"font-weight: 400;\"> \u2013 Tapkite moterimi, kuri lengvai r\u016bpinasi savimi, renkasi sveikus sprendimus ir jau\u010diasi gerai savo k\u016bne.<\/span><\/p>\n<p><span style=\"font-weight: 400;\">Per <\/span><b>gilios relaksacijos technikas<\/b><span style=\"font-weight: 400;\">, <\/span><b>subtilius pas\u0105moninius pasi\u016blymus<\/b><span style=\"font-weight: 400;\"> ir <\/span><b>vaizdines metaforas<\/b><span style=\"font-weight: 400;\"> j\u016bs paleisite ribojan\u010dius \u012fsitikinimus, formuosite naujus \u012fpro\u010dius ir kursite pozityv\u0173 santyk\u012f su savo k\u016bnu. Kiekvien\u0105 kart\u0105 klausydami \u0161io \u012fra\u0161o, dar labiau art\u0117site prie savo svajoni\u0173 versijos \u2013 lengvai ir nat\u016braliai.<\/span><\/p>\n<p><span style=\"font-weight: 400;\">\ud83c\udf1f <\/span><b>K\u0105 J\u016bs I\u0161girsite ir Pajusite:<\/b><b><br \/>\n<\/b><span style=\"font-weight: 400;\">\u2705 Pasitik\u0117jim\u0105 savimi ir savo geb\u0117jimu valdyti valgymo \u012fpro\u010dius.<\/span><span style=\"font-weight: 400;\"><br \/>\n<\/span><span style=\"font-weight: 400;\">\u2705 Emocin\u0119 laisv\u0119 \u2013 i\u0161moksite atpa\u017einti ir paleisti emocijas be maisto.<\/span><span style=\"font-weight: 400;\"><br \/>\n<\/span><span style=\"font-weight: 400;\">\u2705 Nuolatin\u0119, vidin\u0119 motyvacij\u0105 siekti savo geriausios versijos.<\/span><span style=\"font-weight: 400;\"><br \/>\n<\/span><span style=\"font-weight: 400;\">\u2705 Nauj\u0105 identitet\u0105 \u2013 tapsite moterimi, kuri intuityviai renkasi sveik\u0105 gyvenimo b\u016bd\u0105.<\/span><\/p>\n<p><span style=\"font-weight: 400;\">Leiskite \u0161iam \u012fra\u0161ui tapti j\u016bs\u0173 kasdieniu pagalbininku, padedan\u010diu kurti sveikus \u012fpro\u010dius ir myl\u0117ti save i\u0161 naujo. Rekomenduojama klausytis tris savaites.<\/span><\/p>","protected":false},"featured_media":26052,"template":"","meta":{"prwc_products":"","prwc_not_all_products_required":false,"prwc_not_bought_page":"","prwc_redirect_not_bought":false,"prwc_not_logged_in_page":"","prwc_redirect_not_logged_in":false,"prwc_timeout_days":0,"prwc_timeout_hours":0,"prwc_timeout_minutes":0,"prwc_timeout_seconds":0,"prwc_timeout_views":0},"product_brand":[],"product_cat":[213,212,214],"product_tag":[],"class_list":{"0":"post-25983","1":"product","2":"type-product","3":"status-publish","4":"has-post-thumbnail","6":"product_cat-demesingumas","7":"product_cat-meditacija","8":"product_cat-samoningumas","10":"first","11":"instock","12":"virtual","13":"purchasable","14":"product-type-simple"},"aioseo_notices":[],"_links":{"self":[{"href":"https:\/\/hypnokodas.lt\/en\/wp-json\/wp\/v2\/product\/25983","targetHints":{"allow":["GET"]}}],"collection":[{"href":"https:\/\/hypnokodas.lt\/en\/wp-json\/wp\/v2\/product"}],"about":[{"href":"https:\/\/hypnokodas.lt\/en\/wp-json\/wp\/v2\/types\/product"}],"wp:featuredmedia":[{"embeddable":true,"href":"https:\/\/hypnokodas.lt\/en\/wp-json\/wp\/v2\/media\/26052"}],"wp:attachment":[{"href":"https:\/\/hypnokodas.lt\/en\/wp-json\/wp\/v2\/media?parent=25983"}],"wp:term":[{"taxonomy":"product_brand","embeddable":true,"href":"https:\/\/hypnokodas.lt\/en\/wp-json\/wp\/v2\/product_brand?post=25983"},{"taxonomy":"product_cat","embeddable":true,"href":"https:\/\/hypnokodas.lt\/en\/wp-json\/wp\/v2\/product_cat?post=25983"},{"taxonomy":"product_tag","embeddable":true,"href":"https:\/\/hypnokodas.lt\/en\/wp-json\/wp\/v2\/product_tag?post=25983"}],"curies":[{"name":"wp","href":"https:\/\/api.w.org\/{rel}","templated":true}]}}