{"id":26278,"date":"2025-04-24T11:25:31","date_gmt":"2025-04-24T11:25:31","guid":{"rendered":"https:\/\/hypnokodas.lt\/?post_type=product&#038;p=26278"},"modified":"2025-10-27T08:07:10","modified_gmt":"2025-10-27T08:07:10","slug":"grupine-hipnoterapija-120-min","status":"publish","type":"product","link":"https:\/\/hypnokodas.lt\/en\/product\/grupine-hipnoterapija-120-min\/","title":{"rendered":"Grupin\u0117 Hipnoterapija (120 min)"},"content":{"rendered":"","protected":false},"excerpt":{"rendered":"<p><span style=\"font-weight: 400;\">Temin\u0117 hipnoterapin\u0117 sesija su trumpa paskaita, emociniu \u012fsigilinimu ir giliu hipnoz\u0117s procesu.<\/span><span style=\"font-weight: 400;\"><br \/>\n<\/span><span style=\"font-weight: 400;\">Puikiai tinka moterims, norin\u010dioms patirti pokyt\u012f saugioje, palaikan\u010dioje grup\u0117je.<\/span><\/p>\n<p><span style=\"font-weight: 400;\">Grupin\u0117s Terapijos renginiai skelbiami Facebook\/Instagram paskyrose.<\/span><\/p>\n<p><a href=\"https:\/\/www.instagram.com\/hypnokodas\/#\">https:\/\/www.instagram.com\/hypnokodas\/#<\/a><\/p>\n<p><a href=\"https:\/\/www.facebook.com\/hypnokodas\/\">https:\/\/www.facebook.com\/hypnokodas\/<\/a><\/p>\n<p><span style=\"font-weight: 400;\">Sesija gali vykti gyvai arba nuotoliniu b\u016bdu.<\/span><\/p>","protected":false},"featured_media":25489,"template":"","meta":{"prwc_products":"","prwc_not_all_products_required":false,"prwc_not_bought_page":"","prwc_redirect_not_bought":false,"prwc_not_logged_in_page":"","prwc_redirect_not_logged_in":false,"prwc_timeout_days":0,"prwc_timeout_hours":0,"prwc_timeout_minutes":0,"prwc_timeout_seconds":0,"prwc_timeout_views":0},"product_brand":[],"product_cat":[216],"product_tag":[],"class_list":{"0":"post-26278","1":"product","2":"type-product","3":"status-publish","4":"has-post-thumbnail","6":"product_cat-hipnoterapija","8":"first","9":"instock","10":"virtual","11":"purchasable","12":"product-type-simple"},"aioseo_notices":[],"_links":{"self":[{"href":"https:\/\/hypnokodas.lt\/en\/wp-json\/wp\/v2\/product\/26278","targetHints":{"allow":["GET"]}}],"collection":[{"href":"https:\/\/hypnokodas.lt\/en\/wp-json\/wp\/v2\/product"}],"about":[{"href":"https:\/\/hypnokodas.lt\/en\/wp-json\/wp\/v2\/types\/product"}],"wp:featuredmedia":[{"embeddable":true,"href":"https:\/\/hypnokodas.lt\/en\/wp-json\/wp\/v2\/media\/25489"}],"wp:attachment":[{"href":"https:\/\/hypnokodas.lt\/en\/wp-json\/wp\/v2\/media?parent=26278"}],"wp:term":[{"taxonomy":"product_brand","embeddable":true,"href":"https:\/\/hypnokodas.lt\/en\/wp-json\/wp\/v2\/product_brand?post=26278"},{"taxonomy":"product_cat","embeddable":true,"href":"https:\/\/hypnokodas.lt\/en\/wp-json\/wp\/v2\/product_cat?post=26278"},{"taxonomy":"product_tag","embeddable":true,"href":"https:\/\/hypnokodas.lt\/en\/wp-json\/wp\/v2\/product_tag?post=26278"}],"curies":[{"name":"wp","href":"https:\/\/api.w.org\/{rel}","templated":true}]}}