{"id":26279,"date":"2025-04-24T11:27:55","date_gmt":"2025-04-24T11:27:55","guid":{"rendered":"https:\/\/hypnokodas.lt\/?post_type=product&#038;p=26279"},"modified":"2026-03-12T19:35:09","modified_gmt":"2026-03-12T19:35:09","slug":"testine-terapija-60min","status":"publish","type":"product","link":"https:\/\/hypnokodas.lt\/en\/product\/testine-terapija-60min\/","title":{"rendered":"T\u0119stin\u0117 Terapija (60min)"},"content":{"rendered":"","protected":false},"excerpt":{"rendered":"<p><span style=\"font-weight: 400;\">\u0160ios sesijos skirtos <\/span><b>tik esamiems klientams<\/b><span style=\"font-weight: 400;\">, kurie jau prad\u0117jo vidin\u012f darb\u0105 ir yra pasiruo\u0161\u0119 t\u0119stinei, ilgalaikei transformacijai. Tai erdv\u0117 tiems, kurie siekia ne laikin\u0173 sprendim\u0173, o esminio gyvenimo kokyb\u0117s poky\u010dio.<\/span><\/p>\n<p><b>Specializuota pagalba \u012fveikiant valgymo sutrikimus:<\/b><span style=\"font-weight: 400;\"> Savo darbe remiuosi <\/span><b>Oksfordo CBT-E (patobulintos kognityvin\u0117s elgesio terapijos) modeliu<\/b><span style=\"font-weight: 400;\">, skirtu s\u0117kmingam valgymo sutrikim\u0173 (anoreksijos, bulimijos, persivalgymo) \u012fveikimui. Tai moksli\u0161kai pagr\u012fstas, strukt\u016bruotas kelias \u012f sveikim\u0105, paprastai apimantis 20\u201340 sesij\u0173 cikl\u0105.<\/span><\/p>\n<p><b>Terapija taip pat efektyviai padeda spr\u0119sti:<\/b><\/p>\n<ul>\n<li style=\"font-weight: 400;\" aria-level=\"1\"><b>Komplikuot\u0105 emocin\u012f valgym\u0105<\/b><span style=\"font-weight: 400;\"> ir prarast\u0105 ry\u0161\u012f su k\u016bnu.<\/span><\/li>\n<li style=\"font-weight: 400;\" aria-level=\"1\"><b>Nerimo sutrikimus, baimes, fobijas<\/b><span style=\"font-weight: 400;\"> bei panikos priepuolius.<\/span><\/li>\n<li style=\"font-weight: 400;\" aria-level=\"1\"><b>Gilius \u012fsitikinimus<\/b><span style=\"font-weight: 400;\"> apie savo vert\u0119, i\u0161vaizd\u0105 ir savikritik\u0105.<\/span><\/li>\n<li style=\"font-weight: 400;\" aria-level=\"1\"><b>Savivert\u0117s ir asmenini\u0173 rib\u0173<\/b><span style=\"font-weight: 400;\"> stiprinim\u0105.<\/span><\/li>\n<\/ul>\n<p><b>Kaip vyksta procesas?<\/b><span style=\"font-weight: 400;\"> Tai aktyvus bendradarbiavimas, kurio metu sesijos papildomos nam\u0173 darbais, audio \u012fra\u0161ais ir konkre\u010diomis rekomendacijomis. Tai u\u017etikrina, kad gijimo ir augimo procesas vykt\u0173 kasdien, o ne tik susitikim\u0173 metu.<\/span><\/p>\n<p><i><span style=\"font-weight: 400;\">Terapija paprastai vyksta kart\u0105 per savait\u0119. <\/span><\/i><i><span style=\"font-weight: 400;\">Tai investicija \u012f pokyt\u012f, kuris lieka visam gyvenimui.<\/span><\/i><\/p>","protected":false},"featured_media":25489,"template":"","meta":{"prwc_products":"","prwc_not_all_products_required":false,"prwc_not_bought_page":"","prwc_redirect_not_bought":false,"prwc_not_logged_in_page":"","prwc_redirect_not_logged_in":false,"prwc_timeout_days":0,"prwc_timeout_hours":0,"prwc_timeout_minutes":0,"prwc_timeout_seconds":0,"prwc_timeout_views":0},"product_brand":[],"product_cat":[216],"product_tag":[],"class_list":{"0":"post-26279","1":"product","2":"type-product","3":"status-publish","4":"has-post-thumbnail","6":"product_cat-hipnoterapija","8":"first","9":"instock","10":"virtual","11":"purchasable","12":"product-type-simple"},"aioseo_notices":[],"_links":{"self":[{"href":"https:\/\/hypnokodas.lt\/en\/wp-json\/wp\/v2\/product\/26279","targetHints":{"allow":["GET"]}}],"collection":[{"href":"https:\/\/hypnokodas.lt\/en\/wp-json\/wp\/v2\/product"}],"about":[{"href":"https:\/\/hypnokodas.lt\/en\/wp-json\/wp\/v2\/types\/product"}],"wp:featuredmedia":[{"embeddable":true,"href":"https:\/\/hypnokodas.lt\/en\/wp-json\/wp\/v2\/media\/25489"}],"wp:attachment":[{"href":"https:\/\/hypnokodas.lt\/en\/wp-json\/wp\/v2\/media?parent=26279"}],"wp:term":[{"taxonomy":"product_brand","embeddable":true,"href":"https:\/\/hypnokodas.lt\/en\/wp-json\/wp\/v2\/product_brand?post=26279"},{"taxonomy":"product_cat","embeddable":true,"href":"https:\/\/hypnokodas.lt\/en\/wp-json\/wp\/v2\/product_cat?post=26279"},{"taxonomy":"product_tag","embeddable":true,"href":"https:\/\/hypnokodas.lt\/en\/wp-json\/wp\/v2\/product_tag?post=26279"}],"curies":[{"name":"wp","href":"https:\/\/api.w.org\/{rel}","templated":true}]}}