{"id":26280,"date":"2025-04-24T11:28:46","date_gmt":"2025-04-24T11:28:46","guid":{"rendered":"https:\/\/hypnokodas.lt\/?post_type=product&#038;p=26280"},"modified":"2025-09-16T07:31:46","modified_gmt":"2025-09-16T07:31:46","slug":"hipnoterapija-90-min","status":"publish","type":"product","link":"https:\/\/hypnokodas.lt\/en\/product\/hipnoterapija-90-min\/","title":{"rendered":"Hipnoterapija (90 min)"},"content":{"rendered":"","protected":false},"excerpt":{"rendered":"<p><span style=\"font-weight: 400;\">Individuali, giliai transformuojanti hipnoterapijos sesija, orientuota \u012f vien\u0105 ai\u0161ki\u0105 tem\u0105: tai gali b\u016bti baim\u0117, nerimas, \u012fsitikinimai, \u012fpro\u010diai, vidiniai barjerai, chroni\u0161kas skausmas ir kt. Dirbame per pas\u0105mon\u0117s perra\u0161ym\u0105 \u2013 kei\u010diame automatin\u0119 vidin\u0119 reakcij\u0105 \u012f nauj\u0105, s\u0105moning\u0105 b\u016bsen\u0105.<\/span><span style=\"font-weight: 400;\"><br \/>\n<\/span><span style=\"font-weight: 400;\">Tai metodas, kuris leid\u017eia i\u0161girsti gil\u0173 savo \u201evidin\u012f bals\u0105\u201c ir kurti pokyt\u012f ne tik galvoje, bet ir poj\u016b\u010diuose, reakcijose, elgesyje.<\/span><\/p>\n<p><span style=\"font-weight: 400;\">Po rezervacijos atsi\u0173siu <\/span><b>i\u0161sam\u0173 klausimyn\u0105<\/b><span style=\"font-weight: 400;\">, kuris pad\u0117s susitelkti ties tikslu ir kryptimi.<\/span><\/p>\n<p><span style=\"font-weight: 400;\">Sesija gali vykti <\/span><b>gyvai arba nuotoliniu b\u016bdu.<\/b><\/p>","protected":false},"featured_media":25489,"template":"","meta":{"prwc_products":"","prwc_not_all_products_required":false,"prwc_not_bought_page":"","prwc_redirect_not_bought":false,"prwc_not_logged_in_page":"","prwc_redirect_not_logged_in":false,"prwc_timeout_days":0,"prwc_timeout_hours":0,"prwc_timeout_minutes":0,"prwc_timeout_seconds":0,"prwc_timeout_views":0},"product_brand":[],"product_cat":[216],"product_tag":[],"class_list":{"0":"post-26280","1":"product","2":"type-product","3":"status-publish","4":"has-post-thumbnail","6":"product_cat-hipnoterapija","8":"first","9":"instock","10":"virtual","11":"purchasable","12":"product-type-simple"},"aioseo_notices":[],"_links":{"self":[{"href":"https:\/\/hypnokodas.lt\/en\/wp-json\/wp\/v2\/product\/26280","targetHints":{"allow":["GET"]}}],"collection":[{"href":"https:\/\/hypnokodas.lt\/en\/wp-json\/wp\/v2\/product"}],"about":[{"href":"https:\/\/hypnokodas.lt\/en\/wp-json\/wp\/v2\/types\/product"}],"wp:featuredmedia":[{"embeddable":true,"href":"https:\/\/hypnokodas.lt\/en\/wp-json\/wp\/v2\/media\/25489"}],"wp:attachment":[{"href":"https:\/\/hypnokodas.lt\/en\/wp-json\/wp\/v2\/media?parent=26280"}],"wp:term":[{"taxonomy":"product_brand","embeddable":true,"href":"https:\/\/hypnokodas.lt\/en\/wp-json\/wp\/v2\/product_brand?post=26280"},{"taxonomy":"product_cat","embeddable":true,"href":"https:\/\/hypnokodas.lt\/en\/wp-json\/wp\/v2\/product_cat?post=26280"},{"taxonomy":"product_tag","embeddable":true,"href":"https:\/\/hypnokodas.lt\/en\/wp-json\/wp\/v2\/product_tag?post=26280"}],"curies":[{"name":"wp","href":"https:\/\/api.w.org\/{rel}","templated":true}]}}