{"id":26281,"date":"2025-04-24T11:29:30","date_gmt":"2025-04-24T11:29:30","guid":{"rendered":"https:\/\/hypnokodas.lt\/?post_type=product&#038;p=26281"},"modified":"2025-04-24T11:30:15","modified_gmt":"2025-04-24T11:30:15","slug":"hipnoterapija-kodavimas-90-min","status":"publish","type":"product","link":"https:\/\/hypnokodas.lt\/en\/product\/hipnoterapija-kodavimas-90-min\/","title":{"rendered":"Hipnoterapija\/Kodavimas (90 min)"},"content":{"rendered":"","protected":false},"excerpt":{"rendered":"<p><span style=\"font-weight: 400;\">Gilesnis ir ilgesnis darbas sud\u0117tingesn\u0117ms ar kompleksi\u0161koms temoms, kai norisi daugiau laiko tiek atviram pokalbiui, tiek pas\u0105moniniam perprogramavimui.<\/span><span style=\"font-weight: 400;\"><br \/>\n<\/span><span style=\"font-weight: 400;\"> Puikiai tinka: \u2013 pirmosioms sesijoms<\/span><span style=\"font-weight: 400;\"><br \/>\n<\/span><span style=\"font-weight: 400;\"> \u2013 emociniams \u201emazgams\u201c, kurie kartojasi metai i\u0161 met\u0173<\/span><span style=\"font-weight: 400;\"><br \/>\n<\/span><span style=\"font-weight: 400;\"> \u2013 kai norisi eiti l\u0117tai, saugiai ir i\u0161 esm\u0117s<\/span><\/p>\n<p><span style=\"font-weight: 400;\">Naudoju <\/span><b>kognityvin\u0117s elgesio terapijos (KET)<\/b><span style=\"font-weight: 400;\"> principus, vidinius klausimus, vaizduot\u0117s metodus ir stiprias hipnoterapines technikas.<\/span><\/p>\n<p><span style=\"font-weight: 400;\">\u0160ioje sesijoje taip pat galime taikyti:<\/span><span style=\"font-weight: 400;\"><br \/>\n<\/span><span style=\"font-weight: 400;\"> \u2013 <\/span><b>kodavim\u0105 nuo persivalgymo<\/b><b><br \/>\n<\/b><span style=\"font-weight: 400;\"> \u2013 <\/span><b>emocinio valgymo ar maisto priklausomybi\u0173 neutralizavim\u0105<\/b><b><br \/>\n<\/b><span style=\"font-weight: 400;\"> \u2013 <\/span><b>\u201eskrand\u017eio \u017eiedo\u201c hipnoterapij\u0105<\/b><span style=\"font-weight: 400;\"> (psichologinis sotumo aktyvavimas)<\/span><\/p>\n<p><span style=\"font-weight: 400;\">Sesija gali vykti <\/span><b>gyvai arba nuotoliniu b\u016bdu<\/b><span style=\"font-weight: 400;\">.<\/span><span style=\"font-weight: 400;\"><br \/>\n<\/span><\/p>","protected":false},"featured_media":25489,"template":"","meta":{"prwc_products":"","prwc_not_all_products_required":false,"prwc_not_bought_page":"","prwc_redirect_not_bought":false,"prwc_not_logged_in_page":"","prwc_redirect_not_logged_in":false,"prwc_timeout_days":0,"prwc_timeout_hours":0,"prwc_timeout_minutes":0,"prwc_timeout_seconds":0,"prwc_timeout_views":0},"product_brand":[],"product_cat":[216],"product_tag":[],"class_list":{"0":"post-26281","1":"product","2":"type-product","3":"status-publish","4":"has-post-thumbnail","6":"product_cat-hipnoterapija","8":"first","9":"instock","10":"virtual","11":"purchasable","12":"product-type-simple"},"aioseo_notices":[],"_links":{"self":[{"href":"https:\/\/hypnokodas.lt\/en\/wp-json\/wp\/v2\/product\/26281","targetHints":{"allow":["GET"]}}],"collection":[{"href":"https:\/\/hypnokodas.lt\/en\/wp-json\/wp\/v2\/product"}],"about":[{"href":"https:\/\/hypnokodas.lt\/en\/wp-json\/wp\/v2\/types\/product"}],"wp:featuredmedia":[{"embeddable":true,"href":"https:\/\/hypnokodas.lt\/en\/wp-json\/wp\/v2\/media\/25489"}],"wp:attachment":[{"href":"https:\/\/hypnokodas.lt\/en\/wp-json\/wp\/v2\/media?parent=26281"}],"wp:term":[{"taxonomy":"product_brand","embeddable":true,"href":"https:\/\/hypnokodas.lt\/en\/wp-json\/wp\/v2\/product_brand?post=26281"},{"taxonomy":"product_cat","embeddable":true,"href":"https:\/\/hypnokodas.lt\/en\/wp-json\/wp\/v2\/product_cat?post=26281"},{"taxonomy":"product_tag","embeddable":true,"href":"https:\/\/hypnokodas.lt\/en\/wp-json\/wp\/v2\/product_tag?post=26281"}],"curies":[{"name":"wp","href":"https:\/\/api.w.org\/{rel}","templated":true}]}}