{"id":26353,"date":"2025-05-07T12:24:38","date_gmt":"2025-05-07T12:24:38","guid":{"rendered":"https:\/\/hypnokodas.lt\/?post_type=product&#038;p=26353"},"modified":"2025-05-07T12:31:35","modified_gmt":"2025-05-07T12:31:35","slug":"hypnokodas-valdau-alkio-ir-sotumo-signalus","status":"publish","type":"product","link":"https:\/\/hypnokodas.lt\/en\/product\/hypnokodas-valdau-alkio-ir-sotumo-signalus\/","title":{"rendered":"HYPNOKODAS: VALDAU ALKIO IR SOTUMO SIGNALUS"},"content":{"rendered":"","protected":false},"excerpt":{"rendered":"<p><b>Liekn\u0117jimo ir emocinio valgymo transformacija<\/b><\/p>\n<p><span style=\"font-weight: 400;\">Ar pa\u017e\u012fsti t\u0105 vidin\u012f \u017eiaur\u0173, \u017ev\u0117ri\u0161k\u0105 alk\u012f, kuris u\u017egri\u016bva tarsi banga \u2013 staigus, nevaldomas, stipresnis u\u017e tave? O paskui \u2013 tu\u0161tuma, nes sotumo nejauti net po viso \u0161aldytuvo. Galiausiai \u2013 savikritika, g\u0117da ir pa\u017eadas \u201erytoj prad\u0117siu i\u0161 naujo\u201c.<\/span><\/p>\n<p><span style=\"font-weight: 400;\">Laikas tai nutraukti.<\/span><span style=\"font-weight: 400;\"><br \/>\n<\/span><span style=\"font-weight: 400;\">Laikas <\/span><i><span style=\"font-weight: 400;\">atgauti kontrol\u0119<\/span><\/i><span style=\"font-weight: 400;\"> \u2013 \u0161\u012f kart\u0105 ne per vali\u0105, o per vidin\u0119 smegen\u0173 laboratorij\u0105, kurioje perprogramuoji save i\u0161 vidaus.<\/span><\/p>\n<p><span style=\"font-weight: 400;\">\u0160is gilaus, strateginio poveikio <\/span><b>hipnoterapinis \u012fra\u0161as<\/b><span style=\"font-weight: 400;\"> sukurtas specialiai moterims, kurios:<\/span><\/p>\n<ul>\n<li style=\"font-weight: 400;\" aria-level=\"1\"><span style=\"font-weight: 400;\">Moterims, kurios nuolat jau\u010diasi alkanos, net k\u0105 tik pavalgiusios<\/span><\/li>\n<li style=\"font-weight: 400;\" aria-level=\"1\"><span style=\"font-weight: 400;\">Toms, kurios nebejau\u010dia, kada i\u0161 tikr\u0173j\u0173 reikia valgyti, o kada tai \u2013 emocija<\/span><\/li>\n<li style=\"font-weight: 400;\" aria-level=\"1\"><span style=\"font-weight: 400;\">Visoms, kurios ken\u010dia nuo persivalgymo ir nori nutraukti u\u017eburt\u0105 rat\u0105<\/span><span style=\"font-weight: 400;\"><br \/>\n<\/span><span style=\"font-weight: 400;\">Ie\u0161kan\u010dioms ne dietos, o ilgalaikio, giluminio poky\u010dio<\/span><\/li>\n<\/ul>\n<p><span style=\"font-weight: 400;\">\u0160io seanso metu:<\/span><\/p>\n<p>&nbsp;<\/p>\n<ul>\n<li style=\"font-weight: 400;\" aria-level=\"1\"><span style=\"font-weight: 400;\">Atstato nat\u016bralius alkio ir sotumo poj\u016b\u010dius: Atveri savo \u201evidin\u012f kontrol\u0117s kambar\u012f\u201c \u2013 metaforin\u0119 pas\u0105mon\u0117s erdv\u0119, kurioje aktyvuoji, perprogramuoji ir <\/span><b>transformuoji savo santyk\u012f su alkio ir sotumo jausmais<\/b><\/li>\n<li style=\"font-weight: 400;\" aria-level=\"1\"><span style=\"font-weight: 400;\">Perprogramuoja pas\u0105mon\u0119 reaguoti \u012f alk\u012f kaip \u012f draug\u0105, ne prie\u0161\u0105. Giliai \u012fra\u0161ai \u012f pas\u0105mon\u0119, kad <\/span><b>alkis \u2013 tai ne pavojus<\/b><span style=\"font-weight: 400;\">, o galimyb\u0117: <\/span><b>sudeginti riebalus, susigr\u0105\u017einti laisv\u0119<\/b><\/li>\n<li style=\"font-weight: 400;\" aria-level=\"1\"><span style=\"font-weight: 400;\">Neutralizuoja emocinio valgymo impulsus,\u00a0 kurie veda \u012f emocin\u012f valgym\u0105<\/span><\/li>\n<li style=\"font-weight: 400;\" aria-level=\"1\"><span style=\"font-weight: 400;\">Sukuria stiprius vidinius inkarus ma\u017eam, susitraukusiam skrand\u017eiui<\/span><\/li>\n<li style=\"font-weight: 400;\" aria-level=\"1\"><span style=\"font-weight: 400;\">Ugdo emocinio alkio tolerancij\u0105 \u2013 geb\u0117jim\u0105 b\u016bti su noru jo nepatenkinant<\/span><\/li>\n<li style=\"font-weight: 400;\" aria-level=\"1\"><span style=\"font-weight: 400;\">\u012eveda nauj\u0105 \u012fprot\u012f: vanduo vietoj u\u017ekand\u017eio, s\u0105moningas sustojimas, sav\u0119s klausymas<\/span><\/li>\n<li style=\"font-weight: 400;\" aria-level=\"1\"><span style=\"font-weight: 400;\">\u012era\u0161o afirmacijas: \u201ealkis \u2013 tai \u0161ansas deginti riebalus\u201c, \u201ealkis n\u0117ra pavojus\u201c, \u201enoriu, bet nebereikia\u201c<\/span><span style=\"font-weight: 400;\"><br \/>\n<\/span><span style=\"font-weight: 400;\">Leid\u017eia perkelti kontrol\u0119 i\u0161 chaoso \u012f ai\u0161kum\u0105<\/span><\/li>\n<\/ul>\n<h3><b>Naudojimas:<\/b><\/h3>\n<p><b>Naudoti kartu su Alkio ir Sotumo skale<\/b><span style=\"font-weight: 400;\"> \u2013 kad \u0161is seansas veikt\u0173 dar tiksliau, rekomenduojama klausantis \u012fra\u0161o tur\u0117ti \u0161i\u0105 skal\u0119 \u0161alia: <\/span><a href=\"https:\/\/hypnokodas.lt\/alkio-ir-sotumo-skale\/\"><span style=\"font-weight: 400;\">https:\/\/hypnokodas.lt\/alkio-ir-sotumo-skale\/<\/span><\/a><\/p>\n<p><span style=\"font-weight: 400;\">\u012era\u0161\u0105 rekomenduojama klausyti:<\/span><\/p>\n<ul>\n<li style=\"font-weight: 400;\" aria-level=\"1\"><span style=\"font-weight: 400;\">vakare prie\u0161 mieg\u0105 \u2013 kad \u012fsitvirtint\u0173 per nakt\u012f<\/span><\/li>\n<li style=\"font-weight: 400;\" aria-level=\"1\"><span style=\"font-weight: 400;\">ryt\u0105 prie\u0161 dien\u0105, kai jautiesi emoci\u0161kai i\u0161sibalansavusi<\/span><\/li>\n<li style=\"font-weight: 400;\" aria-level=\"1\"><span style=\"font-weight: 400;\">per savait\u0119 bent 5-7 kartus \u2013 ypa\u010d pirm\u0105sias 3 savaites<\/span>&nbsp;<\/li>\n<\/ul>\n<h3><b>Kam \u0161is \u012fra\u0161as?<\/b><\/h3>\n<p><span style=\"font-weight: 400;\">\u2714\ufe0f Jei tu visk\u0105 \u017einai apie mityb\u0105, bet negali sustoti&#8230;<\/span><span style=\"font-weight: 400;\"><br \/>\n<\/span><span style=\"font-weight: 400;\"> \u2714\ufe0f Jei esi band\u017eiusi valios metod\u0105, dietas, protarpin\u012f badavim\u0105 \u2013 ir viskas baigiasi persivalgymu&#8230;<\/span><span style=\"font-weight: 400;\"><br \/>\n<\/span><span style=\"font-weight: 400;\"> \u2714\ufe0f Jei tavo apetitas \u2013 tarsi u\u017evaldo tave, o sotumo jausmas lyg i\u0161nyk\u0119s&#8230;<\/span><span style=\"font-weight: 400;\"><br \/>\n<\/span><span style=\"font-weight: 400;\"> \u2714\ufe0f Jei esi pasirengusi nebe kariauti su savimi, o <\/span><i><span style=\"font-weight: 400;\">i\u0161girsti<\/span><\/i><span style=\"font-weight: 400;\"> savo k\u016bn\u0105 ir perra\u0161yti gilumines programas&#8230;<\/span><\/p>\n<h3><b>K\u0105 gausi:<\/b><\/h3>\n<p><span style=\"font-weight: 400;\">Profesional\u0173, stipr\u0173, metaforomis ir giliomis fraz\u0117mis praturtint\u0105 40min trukm\u0117s hipnoz\u0117s seans\u0105;<\/span><span style=\"font-weight: 400;\"><br \/>\n<\/span><span style=\"font-weight: 400;\">Strategin\u012f pas\u0105mon\u0117s \u201eperjungim\u0105\u201c, kuris veikia giluminius impulsus, o ne tik pavir\u0161i\u0173<\/span><span style=\"font-weight: 400;\"><br \/>\n<\/span><span style=\"font-weight: 400;\">Nuolatin\u012f \u012frank\u012f, kur\u012f gali naudoti tiek prevencijai, tiek \u012fveikimui<\/span><\/p>","protected":false},"featured_media":26357,"template":"","meta":{"prwc_products":"","prwc_not_all_products_required":false,"prwc_not_bought_page":"","prwc_redirect_not_bought":false,"prwc_not_logged_in_page":"","prwc_redirect_not_logged_in":false,"prwc_timeout_days":0,"prwc_timeout_hours":0,"prwc_timeout_minutes":0,"prwc_timeout_seconds":0,"prwc_timeout_views":0},"product_brand":[],"product_cat":[213,212,214],"product_tag":[],"class_list":{"0":"post-26353","1":"product","2":"type-product","3":"status-publish","4":"has-post-thumbnail","6":"product_cat-demesingumas","7":"product_cat-meditacija","8":"product_cat-samoningumas","10":"first","11":"instock","12":"virtual","13":"purchasable","14":"product-type-simple"},"aioseo_notices":[],"_links":{"self":[{"href":"https:\/\/hypnokodas.lt\/en\/wp-json\/wp\/v2\/product\/26353","targetHints":{"allow":["GET"]}}],"collection":[{"href":"https:\/\/hypnokodas.lt\/en\/wp-json\/wp\/v2\/product"}],"about":[{"href":"https:\/\/hypnokodas.lt\/en\/wp-json\/wp\/v2\/types\/product"}],"wp:featuredmedia":[{"embeddable":true,"href":"https:\/\/hypnokodas.lt\/en\/wp-json\/wp\/v2\/media\/26357"}],"wp:attachment":[{"href":"https:\/\/hypnokodas.lt\/en\/wp-json\/wp\/v2\/media?parent=26353"}],"wp:term":[{"taxonomy":"product_brand","embeddable":true,"href":"https:\/\/hypnokodas.lt\/en\/wp-json\/wp\/v2\/product_brand?post=26353"},{"taxonomy":"product_cat","embeddable":true,"href":"https:\/\/hypnokodas.lt\/en\/wp-json\/wp\/v2\/product_cat?post=26353"},{"taxonomy":"product_tag","embeddable":true,"href":"https:\/\/hypnokodas.lt\/en\/wp-json\/wp\/v2\/product_tag?post=26353"}],"curies":[{"name":"wp","href":"https:\/\/api.w.org\/{rel}","templated":true}]}}