{"id":26393,"date":"2025-05-14T06:59:18","date_gmt":"2025-05-14T06:59:18","guid":{"rendered":"https:\/\/hypnokodas.lt\/?post_type=product&#038;p=26393"},"modified":"2025-09-16T07:33:55","modified_gmt":"2025-09-16T07:33:55","slug":"skrandzio-mazinimo-hipnoterapija","status":"publish","type":"product","link":"https:\/\/hypnokodas.lt\/en\/product\/skrandzio-mazinimo-hipnoterapija\/","title":{"rendered":"Skrand\u017eio ma\u017einimo hipnoterapija"},"content":{"rendered":"","protected":false},"excerpt":{"rendered":"<h3><b>Elitin\u0117 3 seans\u0173 programa TAU, jei pavargai nuo diet\u0173 ir esi pasiruo\u0161\u0119s (-usi) visam laikui susigr\u0105\u017einti savo k\u016bno kontrol\u0119.<\/b><\/h3>\n<p><span style=\"font-weight: 400;\">Pavargai. Pavargai skai\u010diuoti kalorijas. Pavargai prad\u0117ti visk\u0105 &#8222;nuo pirmadienio&#8221;. Pavargai jaustis kaltas (-a) suvalgius tai, ko &#8222;nereik\u0117jo&#8221;. Nepavyksta valgyti ma\u017eiau, porcijos didel\u0117s, alkio jausmas taip pat. Pavargai nek\u0119sti savo atvaizdo veidrodyje ir slapta valgyti, kai niekas nemato.<\/span><\/p>\n<p><span style=\"font-weight: 400;\">Atrodo, kad i\u0161bandei visk\u0105, bet svoris visada sugr\u012f\u017eta, palikdamas tik dar didesn\u012f nusivylimo ir bej\u0117gi\u0161kumo jaussm\u0105.<\/span><\/p>\n<p><b>O kas, jeigu tikroji problema \u2013 ne tavo valia, o tavo pas\u0105mon\u0117?<\/b><\/p>\n<p><span style=\"font-weight: 400;\">\u012esivaizduok, kad tavo protas yra galingiausias kompiuteris, o jame veikia pasenusi programa, kuri liepia tau persivalgyti, kaupti svor\u012f ir jausti potrauk\u012f maistui, kuris griauna tavo sveikat\u0105. Dietos bando kovoti su \u0161ia programa, bet tai kaip\u00a0 kova su v\u0117jo mal\u016bnais.<\/span><\/p>\n<p><span style=\"font-weight: 400;\">Skrand\u017eio ma\u017einimo hipnoterapija yrai ne dieta ir ne dar vienas mitybos planas. Tai yra b\u016btent \u0161ios pasenusios programos perra\u0161ymas. Per 3 galingus, specialiai tau pritaikytus seansus mes \u012fdiegsime nauj\u0105 operacin\u0119 sistem\u0105, kurioje:<\/span><\/p>\n<ul>\n<li style=\"font-weight: 400;\" aria-level=\"1\"><b>Tavo k\u016bnas nat\u016braliai nori ma\u017eesni\u0173 porcij\u0173.<\/b><\/li>\n<li style=\"font-weight: 400;\" aria-level=\"1\"><b>Sotumo jausmas ateina greitai ir ai\u0161kiai.<\/b><\/li>\n<li style=\"font-weight: 400;\" aria-level=\"1\"><b>Potraukis cukrui ir nesveikam maistui tiesiog i\u0161nyksta.<\/b><\/li>\n<li style=\"font-weight: 400;\" aria-level=\"1\"><b>Tu pradedi valgyti tam, kad gyventum, o ne gyventi tam, kad valgytum.<\/b><\/li>\n<\/ul>\n<p><span style=\"font-weight: 400;\">Tai yra moksli\u0161kai pagr\u012fsta metodika, (<\/span><a href=\"https:\/\/hypnokodas.lt\/skrandzio-mazinimo-hipnoterapija-kai-operacija-vyksta-ne-kune-o-galvoje\/\"><span style=\"font-weight: 400;\">daugiau informacijos \u010dia<\/span><\/a><span style=\"font-weight: 400;\">) leid\u017eianti pasiekti bariatrin\u0117s operacijos rezultat\u0105 be joki\u0173 chirurgini\u0173 pj\u016bvi\u0173, skausmo ar rizikos.<\/span><\/p>\n<h3><b>\u0160i intensyvi programa skirta TAU, jeigu:<\/b><\/h3>\n<ul>\n<li style=\"font-weight: 400;\" aria-level=\"1\"><b>Jautiesi \u012fkalintas (-a) savo paties k\u016bne<\/b><span style=\"font-weight: 400;\"> ir nesibaigian\u010diame diet\u0173 ir persivalgymo cikle.<\/span><\/li>\n<li style=\"font-weight: 400;\" aria-level=\"1\"><b>Maistas tapo tavo prie\u0161u ir geriausiu draugu vienu metu<\/b><span style=\"font-weight: 400;\">, nes naudoji j\u012f nusiraminimui, paguodai ar atlygiui.<\/span><\/li>\n<li style=\"font-weight: 400;\" aria-level=\"1\"><b>Turi didel\u012f antsvor\u012f (KMI vir\u0161 30)<\/b><span style=\"font-weight: 400;\"> ir jauti, kad reikia stipraus, greito impulso poky\u010diams.<\/span><\/li>\n<li style=\"font-weight: 400;\" aria-level=\"1\"><b>Esi protingas, daug pasiek\u0119s \u017emogus<\/b><span style=\"font-weight: 400;\">, bet jautiesi nevyk\u0117lis (-\u0117) kovoje su svoriu.<\/span><\/li>\n<li style=\"font-weight: 400;\" aria-level=\"1\"><b>Svarstei apie skrand\u017eio ma\u017einimo operacij\u0105<\/b><span style=\"font-weight: 400;\">, bet bijai chirurgin\u0117s intervencijos.<\/span><\/li>\n<\/ul>\n<h3><b>\u0160i programa N\u0116RA skirta:<\/b><\/h3>\n<ul>\n<li style=\"font-weight: 400;\" aria-level=\"1\"><span style=\"font-weight: 400;\">Ie\u0161kantiems &#8222;stebuklingos piliul\u0117s&#8221; be jokio asmeninio ind\u0117lio.<\/span><\/li>\n<li style=\"font-weight: 400;\" aria-level=\"1\"><span style=\"font-weight: 400;\">\u017dmon\u0117ms su klini\u0161kai diagnozuotais valgymo sutrikimais (anoreksija, bulimija ir kt.), kuriems reikalinga ilgalaik\u0117 psichoterapija.<\/span><\/li>\n<li style=\"font-weight: 400;\" aria-level=\"1\"><span style=\"font-weight: 400;\">Tiems, kurie n\u0117ra 100% pasiry\u017e\u0119 poky\u010diams. A\u0161 galiu tau duoti galingiausius \u012frankius, bet vairuoti tur\u0117si tu.<\/span><\/li>\n<\/ul>\n<h3><b>Tavo 3 \u017dingsni\u0173 Transformacijos Planas<\/b><\/h3>\n<p><span style=\"font-weight: 400;\">\u0160i programa susideda i\u0161 trij\u0173 susitikim\u0173. Tai strukt\u016brizuotas, saugus ir individualiai tau pritaikytas procesas.<\/span><\/p>\n<p><b>1 \u017dINGSNIS: STRATEGIJA IR PASIRUO\u0160IMAS (Pirmas seansas, 60 min)<\/b><\/p>\n<p><span style=\"font-weight: 400;\">Sudarome tavo s\u0117km\u0117s \u017eem\u0117lap\u012f. Tai 100% strategin\u0117 sesija, be intervencij\u0173. Pirmoji sesija yra skirta tik tau,\u00a0 tavo istorijai, tavo tikslams, giluminei valgymo \u012fpro\u010di\u0173 analizei. Tai pamatas, ant kurio saugiai statysime tavo s\u0117km\u0119. I\u0161eini su ai\u0161kumu ir motyvacija.<\/span><\/p>\n<p><b>2 \u017dINGSNIS: TRANSFORMACIJA (Antras seansas, 60 min)<\/b><\/p>\n<p><span style=\"font-weight: 400;\">Atliekame &#8222;virtuali\u0105 operacij\u0105&#8221; ir perra\u0161omei pas\u0105mon\u0117s program\u0105. Gilaus hipnotinio seanso metu \u012fdiegiame pagrindin\u0119 program\u0105. <\/span><b>Jokio bendrinio scenarijaus.<\/b><span style=\"font-weight: 400;\"> \u0160i hipnoz\u0117 yra kuriama <\/span><b>unikaliai tau<\/b><span style=\"font-weight: 400;\">, remiantis m\u016bs\u0173 pirmos sesijos strategija, naudojant tavo \u017eod\u017eius, tavo metaforas ir tavo tikslus, kad poveikis b\u016bt\u0173 maksimalus. Gauni personalizuot\u0105 \u0161io seanso \u012fra\u0161\u0105.<\/span><\/p>\n<p><b>3 \u017dINGSNIS: INTEGRACIJA IR \u012eTVIRTINIMAS (Tre\u010dias seansas, 60 min)<\/b><\/p>\n<p><span style=\"font-weight: 400;\">Paver\u010diame s\u0105moningus poky\u010dius automatiniais \u012fpro\u010diais. Atliekame antr\u0105, <\/span><b>\u012ftvirtinan\u010di\u0105 hipnoz\u0117s sesij\u0105<\/b><span style=\"font-weight: 400;\">, kuri veikia kaip &#8222;programin\u0117s \u012frangos atnaujinimas&#8221; \u2013 sustiprina naujus neuroninius takus ir \u012ftvirtina rezultatus. Po jos, sudarome asmenin\u012f &#8222;apsaugin\u012f kontrakt\u0105&#8221; ir tolesni\u0173 veiksm\u0173 plan\u0105, kuris u\u017etikrins, kad poky\u010diai i\u0161likt\u0173 ilgam.<\/span><\/p>\n<h3><b>Tavo investicija \u012f gyvenim\u0105 be kan\u010dios \u2013 \u20ac350<\/b><\/h3>\n<p><b>\u012e \u0161i\u0105 kain\u0105 \u012feina:<\/b><\/p>\n<ul>\n<li aria-level=\"1\"><b>3 individual\u016bs, giluminiai terapijos seansai (po 60 min).<\/b><\/li>\n<\/ul>\n<ul>\n<li style=\"list-style-type: none;\">\n<ul>\n<li style=\"font-weight: 400;\" aria-level=\"1\"><b>Personalizuotas transformacin\u0117s hipnoz\u0117s seanso \u012fra\u0161as (MP3), skirtas klausyti namuose ir stiprinti poveik\u012f.<\/b><\/li>\n<li style=\"font-weight: 400;\" aria-level=\"1\"><b>Papildomas gilios meditacijos \u012fra\u0161as nerv\u0173 sistemos balansavimui.<\/b><\/li>\n<li style=\"font-weight: 400;\" aria-level=\"1\"><b>PDF savistabos dienora\u0161tis poky\u010di\u0173 sekimui.<\/b><\/li>\n<\/ul>\n<\/li>\n<\/ul>\n<ul>\n<li aria-level=\"1\"><b>Emocinio valgymo pratybos darbui namuose.<\/b><\/li>\n<\/ul>\n<ul>\n<li style=\"font-weight: 400;\" aria-level=\"1\"><b>4 savai\u010di\u0173 prioritetinis palaikymas el. pa\u0161tu \/ WhatsApp\/Messenger per programos eig\u0105.<\/b><\/li>\n<\/ul>","protected":false},"featured_media":25489,"template":"","meta":{"prwc_products":"","prwc_not_all_products_required":false,"prwc_not_bought_page":"","prwc_redirect_not_bought":false,"prwc_not_logged_in_page":"","prwc_redirect_not_logged_in":false,"prwc_timeout_days":0,"prwc_timeout_hours":0,"prwc_timeout_minutes":0,"prwc_timeout_seconds":0,"prwc_timeout_views":0},"product_brand":[],"product_cat":[216],"product_tag":[],"class_list":{"0":"post-26393","1":"product","2":"type-product","3":"status-publish","4":"has-post-thumbnail","6":"product_cat-hipnoterapija","8":"first","9":"instock","10":"virtual","11":"purchasable","12":"product-type-simple"},"aioseo_notices":[],"_links":{"self":[{"href":"https:\/\/hypnokodas.lt\/en\/wp-json\/wp\/v2\/product\/26393","targetHints":{"allow":["GET"]}}],"collection":[{"href":"https:\/\/hypnokodas.lt\/en\/wp-json\/wp\/v2\/product"}],"about":[{"href":"https:\/\/hypnokodas.lt\/en\/wp-json\/wp\/v2\/types\/product"}],"wp:featuredmedia":[{"embeddable":true,"href":"https:\/\/hypnokodas.lt\/en\/wp-json\/wp\/v2\/media\/25489"}],"wp:attachment":[{"href":"https:\/\/hypnokodas.lt\/en\/wp-json\/wp\/v2\/media?parent=26393"}],"wp:term":[{"taxonomy":"product_brand","embeddable":true,"href":"https:\/\/hypnokodas.lt\/en\/wp-json\/wp\/v2\/product_brand?post=26393"},{"taxonomy":"product_cat","embeddable":true,"href":"https:\/\/hypnokodas.lt\/en\/wp-json\/wp\/v2\/product_cat?post=26393"},{"taxonomy":"product_tag","embeddable":true,"href":"https:\/\/hypnokodas.lt\/en\/wp-json\/wp\/v2\/product_tag?post=26393"}],"curies":[{"name":"wp","href":"https:\/\/api.w.org\/{rel}","templated":true}]}}