{"id":26457,"date":"2025-06-02T08:15:46","date_gmt":"2025-06-02T08:15:46","guid":{"rendered":"https:\/\/hypnokodas.lt\/?post_type=product&#038;p=26457"},"modified":"2025-06-02T08:16:10","modified_gmt":"2025-06-02T08:16:10","slug":"alkoholizmo-kodavimas","status":"publish","type":"product","link":"https:\/\/hypnokodas.lt\/en\/product\/alkoholizmo-kodavimas\/","title":{"rendered":"Alkoholizmo Kodavimas"},"content":{"rendered":"","protected":false},"excerpt":{"rendered":"<h3><b>Rekomenduojame: Kodavimas nuo alkoholio \u2013 profesionaliai ir saugiai visoje Lietuvoje<\/b><\/h3>\n<p><span style=\"font-weight: 400;\">Jei ie\u0161kote patikimos pagalbos kovojant su priklausomybe nuo alkoholio, rekomenduojame specialist\u0105, kurio kompetencija ir \u017emogi\u0161kas po\u017ei\u016bris paliko didel\u012f \u012fsp\u016bd\u012f bei pad\u0117jo t\u016bkstan\u010diams \u017emoni\u0173 pakeisti savo gyvenim\u0105.<\/span><\/p>\n<p><span style=\"font-weight: 400;\">Mano kolega psichoterapeutas, hipnoterapeutas Sergej Gor\u0161kov teikia profesionalias alkoholio kodavimo paslaugas visoje Lietuvoje \u2013 tiek gyvai, tiek nuotoliniu b\u016bdu.<\/span><span style=\"font-weight: 400;\"><br \/>\n<\/span><span style=\"font-weight: 400;\"> Dirbama konfidencialiai, ai\u0161kiai ir su pagarba \u017emogui, jo motyvacijai bei sprendimui keistis.<\/span><\/p>\n<p><span style=\"font-weight: 400;\">Taikomos efektyvios metodikos, kurios padeda \u017emon\u0117ms sustoti vartoti ir gr\u012f\u017eti prie laisvo, sveiko, blaivaus gyvenimo<\/span><b>.<\/b><\/p>\n<p><b>\ud83d\udccd Daugiau informacijos:<\/b><b><br \/>\n<\/b><b> \ud83d\udd17<\/b><a href=\"https:\/\/alkoholio-kodavimas.lt\"><b> www.alkoholio-kodavimas.lt<\/b><\/a><\/p>","protected":false},"featured_media":25489,"template":"","meta":{"prwc_products":"","prwc_not_all_products_required":false,"prwc_not_bought_page":"","prwc_redirect_not_bought":false,"prwc_not_logged_in_page":"","prwc_redirect_not_logged_in":false,"prwc_timeout_days":0,"prwc_timeout_hours":0,"prwc_timeout_minutes":0,"prwc_timeout_seconds":0,"prwc_timeout_views":0},"product_brand":[],"product_cat":[216],"product_tag":[],"class_list":{"0":"post-26457","1":"product","2":"type-product","3":"status-publish","4":"has-post-thumbnail","6":"product_cat-hipnoterapija","8":"first","9":"instock","10":"virtual","11":"product-type-simple"},"aioseo_notices":[],"_links":{"self":[{"href":"https:\/\/hypnokodas.lt\/en\/wp-json\/wp\/v2\/product\/26457","targetHints":{"allow":["GET"]}}],"collection":[{"href":"https:\/\/hypnokodas.lt\/en\/wp-json\/wp\/v2\/product"}],"about":[{"href":"https:\/\/hypnokodas.lt\/en\/wp-json\/wp\/v2\/types\/product"}],"wp:featuredmedia":[{"embeddable":true,"href":"https:\/\/hypnokodas.lt\/en\/wp-json\/wp\/v2\/media\/25489"}],"wp:attachment":[{"href":"https:\/\/hypnokodas.lt\/en\/wp-json\/wp\/v2\/media?parent=26457"}],"wp:term":[{"taxonomy":"product_brand","embeddable":true,"href":"https:\/\/hypnokodas.lt\/en\/wp-json\/wp\/v2\/product_brand?post=26457"},{"taxonomy":"product_cat","embeddable":true,"href":"https:\/\/hypnokodas.lt\/en\/wp-json\/wp\/v2\/product_cat?post=26457"},{"taxonomy":"product_tag","embeddable":true,"href":"https:\/\/hypnokodas.lt\/en\/wp-json\/wp\/v2\/product_tag?post=26457"}],"curies":[{"name":"wp","href":"https:\/\/api.w.org\/{rel}","templated":true}]}}