{"id":26929,"date":"2026-04-14T09:33:34","date_gmt":"2026-04-14T09:33:34","guid":{"rendered":"https:\/\/hypnokodas.lt\/?post_type=product&#038;p=26929"},"modified":"2026-04-14T09:53:16","modified_gmt":"2026-04-14T09:53:16","slug":"gydantis-sukurys-hipnoterapija-vidiniam-atsinaujinimui-ir-laisvei-rinktis","status":"publish","type":"product","link":"https:\/\/hypnokodas.lt\/en\/product\/gydantis-sukurys-hipnoterapija-vidiniam-atsinaujinimui-ir-laisvei-rinktis\/","title":{"rendered":"Gydantis S\u016bkurys: Hipnoterapija vidiniam atsinaujinimui ir laisvei rinktis"},"content":{"rendered":"","protected":false},"excerpt":{"rendered":"<p>\u0160i gilaus atsipalaidavimo ir hipnoz\u0117s sesija yra skirta nutraukti senus, automatinius valgymo \u012fpro\u010dius bei atstatyti tavo k\u016bno ir proto harmonij\u0105. Tai ir poilsis ir tavo pas\u0105mon\u0117s perprogramavimo procesas, kurio metu senas, klaidingas \u201ekodas\u201c i\u0161trinamas ir pakei\u010diamas tavo prigimtine teise \u012f sveikat\u0105 bei saik\u0105.<\/p>\n<p><strong>Kokia \u0161ios praktikos nauda?<\/strong><\/p>\n<ul>\n<li><strong>Emocinis valymas:<\/strong> Gydantis \u0161viesos s\u016bkurys padeda paleisti praeities nuoskaudas, g\u0117d\u0105 ir baimes, kurios anks\u010diau vert\u0117 tave ie\u0161koti paguodos maiste.<\/li>\n<li><strong>Fiziologinis perkalibravimas:<\/strong> Sesijos metu siun\u010diamos komandos tavo alkio ir sotumo centrams, optimizuojama hormon\u0173 veikla (kortizolio, insulino, leptino) bei aktyvuojama med\u017eiag\u0173 apykaita.<\/li>\n<li><strong>Skrand\u017eio t\u016brio ma\u017einimas:<\/strong> Pas\u0105mon\u0117 priima program\u0105 gr\u0105\u017einti tavo skrand\u012f \u012f jo prigimtin\u012f, sveik\u0105 dyd\u012f, tod\u0117l pasisotinimui ateityje u\u017eteks ma\u017eesni\u0173 porcij\u0173.<\/li>\n<li><strong>Pasirinkimo galia:<\/strong> Tu suformuosi tvirt\u0105 vidin\u0119 a\u0161\u012f, kuri leis ramiai pasakyti \u201ene\u201c persivalgymui ir \u201etaip\u201c sau bei savo tikrajam gro\u017eiui.<\/li>\n<\/ul>\n<p>Klausykis \u0161io \u012fra\u0161o ramioje aplinkoje, kur tav\u0119s niekas netrukdys. Leisk savo vidinei komandai \u2013 s\u0105moningam protui ir pas\u0105monei \u2013 susitarti d\u0117l tavo naujos, lengvos ir laisvos ateities.<\/p>\n<p>Trukm\u0117: 35 min<\/p>\n<p>Kaina 45 eur<\/p>","protected":false},"featured_media":26930,"template":"","meta":{"prwc_products":"","prwc_not_all_products_required":false,"prwc_not_bought_page":"","prwc_redirect_not_bought":false,"prwc_not_logged_in_page":"","prwc_redirect_not_logged_in":false,"prwc_timeout_days":0,"prwc_timeout_hours":0,"prwc_timeout_minutes":0,"prwc_timeout_seconds":0,"prwc_timeout_views":0},"product_brand":[],"product_cat":[213,212,214],"product_tag":[220],"class_list":{"0":"post-26929","1":"product","2":"type-product","3":"status-publish","4":"has-post-thumbnail","6":"product_cat-demesingumas","7":"product_cat-meditacija","8":"product_cat-samoningumas","9":"product_tag-garso-irasai","11":"first","12":"instock","13":"virtual","14":"purchasable","15":"product-type-simple"},"aioseo_notices":[],"_links":{"self":[{"href":"https:\/\/hypnokodas.lt\/en\/wp-json\/wp\/v2\/product\/26929","targetHints":{"allow":["GET"]}}],"collection":[{"href":"https:\/\/hypnokodas.lt\/en\/wp-json\/wp\/v2\/product"}],"about":[{"href":"https:\/\/hypnokodas.lt\/en\/wp-json\/wp\/v2\/types\/product"}],"wp:featuredmedia":[{"embeddable":true,"href":"https:\/\/hypnokodas.lt\/en\/wp-json\/wp\/v2\/media\/26930"}],"wp:attachment":[{"href":"https:\/\/hypnokodas.lt\/en\/wp-json\/wp\/v2\/media?parent=26929"}],"wp:term":[{"taxonomy":"product_brand","embeddable":true,"href":"https:\/\/hypnokodas.lt\/en\/wp-json\/wp\/v2\/product_brand?post=26929"},{"taxonomy":"product_cat","embeddable":true,"href":"https:\/\/hypnokodas.lt\/en\/wp-json\/wp\/v2\/product_cat?post=26929"},{"taxonomy":"product_tag","embeddable":true,"href":"https:\/\/hypnokodas.lt\/en\/wp-json\/wp\/v2\/product_tag?post=26929"}],"curies":[{"name":"wp","href":"https:\/\/api.w.org\/{rel}","templated":true}]}}