{"id":26937,"date":"2026-04-14T09:46:47","date_gmt":"2026-04-14T09:46:47","guid":{"rendered":"https:\/\/hypnokodas.lt\/?post_type=product&#038;p=26937"},"modified":"2026-04-14T09:53:15","modified_gmt":"2026-04-14T09:53:15","slug":"hipnoterapija-laisve-nuo-cukraus-pazadu","status":"publish","type":"product","link":"https:\/\/hypnokodas.lt\/en\/product\/hipnoterapija-laisve-nuo-cukraus-pazadu\/","title":{"rendered":"Hipnoterapija: Laisv\u0117 nuo Cukraus Pa\u017ead\u0173"},"content":{"rendered":"","protected":false},"excerpt":{"rendered":"<p><span style=\"font-weight: 400;\">Ar kada jautei, kad tavo noras saldumynams yra tarsi atskira asmenyb\u0117, kuri u\u017evaldo tave, nepaisant vis\u0173 tavo pastang\u0173? Tai gili transformacin\u0117 kelion\u0117 \u012f tavo pas\u0105mon\u0119, kurioje mes \u201ei\u0161jungiame\u201c automatin\u012f potrauk\u012f cukrui.<\/span><\/p>\n<p><b>K\u0105 patirsi \u0161ios sesijos metu?<\/b><\/p>\n<ul>\n<li style=\"font-weight: 400;\" aria-level=\"1\"><b>Susitikimas su \u201eSaldumyn\u0173 Dalimi\u201c:<\/b><span style=\"font-weight: 400;\"> U\u017euot kovojusi su savimi, tu susipa\u017einsi su ta savo vidine dalimi, kuri reikalauja cukraus.<\/span><\/li>\n<li style=\"font-weight: 400;\" aria-level=\"1\"><span style=\"font-weight: 400;\">Suprasi, kad ji n\u0117ra tavo prie\u0161as \u2013 ji tik band\u0117 tave apsaugoti (suteikti ramyb\u0119, saugum\u0105 ar paguod\u0105) .<\/span><\/li>\n<li style=\"font-weight: 400;\" aria-level=\"1\"><b>\u201eTu\u0161\u010dio Pa\u017eado\u201c atskleidimas:<\/b><span style=\"font-weight: 400;\"> Mes atliksime speciali\u0105 vizualizacij\u0105, kurioje tavo smegenys supras, kad saldumynai duoda tik vilt\u012f, bet niekada nei\u0161pildo pa\u017eado.<\/span><\/li>\n<li style=\"font-weight: 400;\" aria-level=\"1\"><span style=\"font-weight: 400;\">Pamatysi, kad tas malonumas i\u0161 ties\u0173 yra \u201etu\u0161\u010dias\u201c .<\/span><\/li>\n<li style=\"font-weight: 400;\" aria-level=\"1\"><b>Kry\u017ekel\u0117s metodas:<\/b><span style=\"font-weight: 400;\"> Tu atsistosi vidin\u0117je kry\u017ekel\u0117je ir pamatysi dvi savo ateitis: vien\u0105 \u2013 nieko nekei\u010diant (nuovargis, sunkumas), ir kit\u0105 \u2013 pasirinkus laisv\u0119 (lengvumas, ramyb\u0117) .<\/span><\/li>\n<\/ul>\n<p><b>Rezultatas:<\/b><span style=\"font-weight: 400;\"> Po \u0161ios sesijos saldumynai nebus \u201eu\u017edraustas vaisius\u201c. Jie taps neutral\u016bs.<\/span><\/p>\n<p><span style=\"font-weight: 400;\">Tu tiesiog nustosi j\u0173 nor\u0117ti, nes tavo pas\u0105mon\u0117 supras, kad jai nebereikia cukraus, jog jaust\u0173si saugi ir rami.<\/span><\/p>\n<p><b>Kaip klausyti:<\/b><span style=\"font-weight: 400;\"> Skirk sau pusvaland\u012f ramyb\u0117s, geriausia su ausin\u0117mis.<\/span><\/p>\n<p><b>Trukm\u0117:<\/b><span style=\"font-weight: 400;\"> 28 min.<\/span><\/p>\n<p><b>Kaina<\/b><span style=\"font-weight: 400;\"> 45 eur\u00a0<\/span><\/p>","protected":false},"featured_media":26938,"template":"","meta":{"prwc_products":"","prwc_not_all_products_required":false,"prwc_not_bought_page":"","prwc_redirect_not_bought":false,"prwc_not_logged_in_page":"","prwc_redirect_not_logged_in":false,"prwc_timeout_days":0,"prwc_timeout_hours":0,"prwc_timeout_minutes":0,"prwc_timeout_seconds":0,"prwc_timeout_views":0},"product_brand":[],"product_cat":[213,212,214],"product_tag":[220],"class_list":{"0":"post-26937","1":"product","2":"type-product","3":"status-publish","4":"has-post-thumbnail","6":"product_cat-demesingumas","7":"product_cat-meditacija","8":"product_cat-samoningumas","9":"product_tag-garso-irasai","11":"first","12":"instock","13":"virtual","14":"purchasable","15":"product-type-simple"},"aioseo_notices":[],"_links":{"self":[{"href":"https:\/\/hypnokodas.lt\/en\/wp-json\/wp\/v2\/product\/26937","targetHints":{"allow":["GET"]}}],"collection":[{"href":"https:\/\/hypnokodas.lt\/en\/wp-json\/wp\/v2\/product"}],"about":[{"href":"https:\/\/hypnokodas.lt\/en\/wp-json\/wp\/v2\/types\/product"}],"wp:featuredmedia":[{"embeddable":true,"href":"https:\/\/hypnokodas.lt\/en\/wp-json\/wp\/v2\/media\/26938"}],"wp:attachment":[{"href":"https:\/\/hypnokodas.lt\/en\/wp-json\/wp\/v2\/media?parent=26937"}],"wp:term":[{"taxonomy":"product_brand","embeddable":true,"href":"https:\/\/hypnokodas.lt\/en\/wp-json\/wp\/v2\/product_brand?post=26937"},{"taxonomy":"product_cat","embeddable":true,"href":"https:\/\/hypnokodas.lt\/en\/wp-json\/wp\/v2\/product_cat?post=26937"},{"taxonomy":"product_tag","embeddable":true,"href":"https:\/\/hypnokodas.lt\/en\/wp-json\/wp\/v2\/product_tag?post=26937"}],"curies":[{"name":"wp","href":"https:\/\/api.w.org\/{rel}","templated":true}]}}